{"id":38334,"date":"2022-11-11T16:13:03","date_gmt":"2022-11-11T21:13:03","guid":{"rendered":"https:\/\/www.fsa.ulaval.ca\/faculty\/services\/bien-etre-etudiant\/"},"modified":"2025-09-09T09:45:33","modified_gmt":"2025-09-09T13:45:33","slug":"bien-etre-etudiant","status":"publish","type":"page","link":"https:\/\/www.fsa.ulaval.ca\/en\/faculty\/services\/bien-etre-etudiant\/","title":{"rendered":"Soutien psychologique"},"content":{"rendered":"\n<div class=\"wp-block-columns baseul-reverse baseul-page-top is-layout-flex wp-container-core-columns-is-layout-9d6595d7 wp-block-columns-is-layout-flex\">\n<div class=\"wp-block-column baseul-page-top-image-holder is-layout-flow wp-block-column-is-layout-flow\" style=\"flex-basis:42%\"><figure class=\"wp-block-post-featured-image\"><img loading=\"lazy\" decoding=\"async\" width=\"1200\" height=\"1200\" src=\"https:\/\/www.fsa.ulaval.ca\/wp-content\/uploads\/2022\/11\/soutien-entete.jpg\" class=\"attachment-post-thumbnail size-post-thumbnail wp-post-image\" alt=\"\" style=\"object-fit:cover;\" srcset=\"https:\/\/www.fsa.ulaval.ca\/wp-content\/uploads\/2022\/11\/soutien-entete.jpg 1200w, https:\/\/www.fsa.ulaval.ca\/wp-content\/uploads\/2022\/11\/soutien-entete-300x300.jpg 300w, https:\/\/www.fsa.ulaval.ca\/wp-content\/uploads\/2022\/11\/soutien-entete-1024x1024.jpg 1024w, https:\/\/www.fsa.ulaval.ca\/wp-content\/uploads\/2022\/11\/soutien-entete-150x150.jpg 150w, https:\/\/www.fsa.ulaval.ca\/wp-content\/uploads\/2022\/11\/soutien-entete-768x768.jpg 768w\" sizes=\"auto, (max-width: 1200px) 100vw, 1200px\" \/><\/figure><\/div>\n\n\n\n<div class=\"wp-block-column is-layout-flow wp-block-column-is-layout-flow\" style=\"flex-basis:58%\">\n<h1 class=\"wp-block-heading is-style-default\" id=\"h-needhelp\">Need<br><mark style=\"background-color:rgba(0, 0, 0, 0)\" class=\"has-inline-color has-white-color\">help?<\/mark><\/h1>\n\n\n\n<p>FSA ULaval and Universit\u00e9 Laval offer a variety of free services and tools to help you succeed and support your mental health. We are here for you!<\/p>\n\n\n\n<p>Ana\u00efs Nadeau-Cossette and Marie-H\u00e9l\u00e8ne Gravel Grenier are the two community resources who can help you no matter what you are going through. They offer front-line services to support you and refer you to the right resource as needed. Meetings are free and confidential, and can be booked for in-person consultation on campus or videoconferencing.<\/p>\n\n\n\n<h3 class=\"wp-block-heading\" id=\"h-how-to-reach-a-community-resource\">How to reach a community resource<\/h3>\n\n\n\n<p>In-person: Office 1403 (Palasis-Prince pavilion)<br>Email:&nbsp;<a href=\"mailto:interventionfsa@aide.ulaval.ca\">interventionfsa@aide.ulaval.ca<\/a><\/p>\n<\/div>\n<\/div>\n\n\n\n<div class=\"wp-block-group alignfull has-lightgrey-background-color has-background is-layout-constrained wp-block-group-is-layout-constrained\">\n<h3 class=\"wp-block-heading\" id=\"h-potential-reasons-to-reach-out-to-us\">Potential reasons <mark style=\"background-color:#0172BF\" class=\"has-inline-color has-white-color\">to reach out to us<\/mark><\/h3>\n\n\n\n<div class=\"wp-block-columns is-layout-flex wp-container-core-columns-is-layout-9d6595d7 wp-block-columns-is-layout-flex\">\n<div class=\"wp-block-column is-layout-flow wp-block-column-is-layout-flow\">\n<ul class=\"wp-block-list\">\n<li>Mental health challenges: stress management, anxiety, depressed mood, etc.<\/li>\n\n\n\n<li>Major behavioural changes<\/li>\n\n\n\n<li>Procrastination and motivation issues<\/li>\n\n\n\n<li>Isolation<\/li>\n\n\n\n<li>Academic issues (failing\/probation\/expulsion)<\/li>\n\n\n\n<li>Financial issues<\/li>\n<\/ul>\n<\/div>\n\n\n\n<div class=\"wp-block-column is-layout-flow wp-block-column-is-layout-flow\">\n<ul class=\"wp-block-list\">\n<li>Breakups<\/li>\n\n\n\n<li>Violence (physical, psychological, cyberbullying, harassment, etc.)<\/li>\n\n\n\n<li>Addiction (drugs, alcohol, gambling, cyberaddiction)<\/li>\n\n\n\n<li>Complex family situations<\/li>\n\n\n\n<li>Questions about sexual orientation or gender identity<\/li>\n\n\n\n<li>Conflict with peers (university or internship)<\/li>\n<\/ul>\n<\/div>\n\n\n\n<div class=\"wp-block-column is-layout-flow wp-block-column-is-layout-flow\">\n<ul class=\"wp-block-list\">\n<li>Grief<\/li>\n\n\n\n<li>Cultural issues<\/li>\n\n\n\n<li>Suicidal ideation<\/li>\n\n\n\n<li>Precarity (loss of housing, loss of job, etc.)<\/li>\n<\/ul>\n<\/div>\n<\/div>\n<\/div>\n\n\n\n<h3 class=\"wp-block-heading has-text-align-center is-style-fake-h2\" id=\"h-other-support-resources\">Other support resources<\/h3>\n\n\n\n<div class=\"wp-block-columns is-layout-flex wp-container-core-columns-is-layout-9d6595d7 wp-block-columns-is-layout-flex\">\n<div class=\"wp-block-column is-style-column-frame-blue is-layout-flow wp-block-column-is-layout-flow\">\n<h4 class=\"wp-block-heading\" id=\"h-the-universite-laval-student-assistance-centre\">The Universit\u00e9 Laval Student Assistance Centre<\/h4>\n\n\n\n<p>There may be times during university when you are going through a transition, are worried about something or are feeling distressed, and you need help.<\/p>\n\n\n\n<p>You can visit the centre&#8217;s website to make an online request for assistance, or click on the &#8220;Texte et outils&#8221; section for a series of resources to help you think things through. There are also mindfulness training exercises and options for credit courses that can improve your quality of life.<\/p>\n\n\n\n<div class=\"wp-block-buttons is-layout-flex wp-block-buttons-is-layout-flex\">\n<div class=\"wp-block-button is-style-button-small-arrow\"><a class=\"wp-block-button__link has-blue-background-color has-background wp-element-button\" href=\"https:\/\/www.aide.ulaval.ca\/psychologie\/presentation\/\">VISIT THE WEBSITE (in french only)<\/a><\/div>\n<\/div>\n\n\n\n<div style=\"height:10px\" aria-hidden=\"true\" class=\"wp-block-spacer\"><\/div>\n<\/div>\n\n\n\n<div class=\"wp-block-column is-style-column-frame-blue is-layout-flow wp-block-column-is-layout-flow\">\n<h4 class=\"wp-block-heading\" id=\"h-fsa-ulaval-sentinels-liaisons-for-people-in-distress\">FSA ULaval sentinels: Liaisons for people in distress<\/h4>\n\n\n\n<p>The role of sentinels is to connect people in distress with the services they need. They are comparable to someone who knows first aid\u2014able to offer immediate support while you wait for the specialists to take over. You can reach out directly to a sentinel, either for yourself or for a member of the student community you are worried about.<\/p>\n\n\n\n<div class=\"wp-block-buttons is-layout-flex wp-block-buttons-is-layout-flex\">\n<div class=\"wp-block-button is-style-button-small-arrow\"><a class=\"wp-block-button__link has-blue-background-color has-background wp-element-button\" href=\"https:\/\/www.aide.ulaval.ca\/psychologie\/reseau-sentinelles\/\"><strong>SEE THE LIST OF SENTINELS<\/strong> (in french only)<\/a><\/div>\n<\/div>\n\n\n\n<div style=\"height:10px\" aria-hidden=\"true\" class=\"wp-block-spacer\"><\/div>\n<\/div>\n\n\n\n<div class=\"wp-block-column is-style-column-frame-blue is-layout-flow wp-block-column-is-layout-flow\">\n<h4 class=\"wp-block-heading\" id=\"h-the-ecole-de-psychologie-of-universite-laval-s-consultation-services\">The \u00c9cole de psychologie of Universit\u00e9 Laval&#8217;s consultation services<\/h4>\n\n\n\n<p>SCEP, the \u00c9cole de psychologie&#8217;s consultation services, is a professional practice training centre for psychology. As part of SCEP&#8217;s training activities, it offers assessment and psychotherapy services.<\/p>\n\n\n\n<div class=\"wp-block-buttons is-layout-flex wp-block-buttons-is-layout-flex\">\n<div class=\"wp-block-button is-style-button-small-arrow\"><a class=\"wp-block-button__link has-blue-background-color has-background wp-element-button\" href=\"https:\/\/www.scep.ulaval.ca\/\">VISIT THE WEBSITE (in french only)<\/a><\/div>\n<\/div>\n\n\n\n<div style=\"height:10px\" aria-hidden=\"true\" class=\"wp-block-spacer\"><\/div>\n<\/div>\n<\/div>\n\n\n\n<div class=\"wp-block-columns is-layout-flex wp-container-core-columns-is-layout-9d6595d7 wp-block-columns-is-layout-flex\">\n<div class=\"wp-block-column is-style-column-frame-blue is-layout-flow wp-block-column-is-layout-flow\">\n<h4 class=\"wp-block-heading\" id=\"h-centre-de-crise-de-quebec\">Centre de crise de Qu\u00e9bec<\/h4>\n\n\n\n<p>418 688-4240<\/p>\n\n\n\n<div class=\"wp-block-buttons is-layout-flex wp-block-buttons-is-layout-flex\">\n<div class=\"wp-block-button is-style-button-small-arrow\"><a class=\"wp-block-button__link has-blue-background-color has-background wp-element-button\" href=\"https:\/\/centredecrise.com\/\">VISIT THE WEBSITE (in french only)<\/a><\/div>\n<\/div>\n\n\n\n<div style=\"height:10px\" aria-hidden=\"true\" class=\"wp-block-spacer\"><\/div>\n<\/div>\n\n\n\n<div class=\"wp-block-column is-style-column-frame-blue is-layout-flow wp-block-column-is-layout-flow\">\n<h4 class=\"wp-block-heading\" id=\"h-info-social-811\">Info-Social 811<\/h4>\n\n\n\n<div class=\"wp-block-buttons is-layout-flex wp-block-buttons-is-layout-flex\">\n<div class=\"wp-block-button is-style-button-small-arrow\"><a class=\"wp-block-button__link has-blue-background-color has-background wp-element-button\" href=\"https:\/\/www.quebec.ca\/sante\/trouver-une-ressource\/info-social-811\">VISIT THE WEBSITE (in french only)<\/a><\/div>\n<\/div>\n\n\n\n<div style=\"height:10px\" aria-hidden=\"true\" class=\"wp-block-spacer\"><\/div>\n<\/div>\n\n\n\n<div class=\"wp-block-column is-style-column-frame-blue is-layout-flow wp-block-column-is-layout-flow\">\n<h4 class=\"wp-block-heading\" id=\"h-centre-de-prevention-du-suicide-de-quebec\">Centre de pr\u00e9vention du suicide de Qu\u00e9bec<\/h4>\n\n\n\n<p>1 866 APPELLE (1 866 277-3553)<\/p>\n\n\n\n<div class=\"wp-block-buttons is-layout-flex wp-block-buttons-is-layout-flex\">\n<div class=\"wp-block-button is-style-button-small-arrow\"><a class=\"wp-block-button__link has-blue-background-color has-background wp-element-button\" href=\"https:\/\/www.cpsquebec.ca\/\">VISIT THE WEBSITE (in french only)<\/a><\/div>\n<\/div>\n\n\n\n<div style=\"height:10px\" aria-hidden=\"true\" class=\"wp-block-spacer\"><\/div>\n<\/div>\n<\/div>\n\n\n\n<h2 class=\"wp-block-heading\" id=\"h-theme-events\">Theme events<\/h2>\n\n\n<p>There are no events scheduled.<\/p>","protected":false},"excerpt":{"rendered":"<p>Needhelp? FSA ULaval and Universit\u00e9 Laval offer a variety of free services and tools to help you succeed and support your mental health. We are here for you! Ana\u00efs Nadeau-Cossette and Marie-H\u00e9l\u00e8ne Gravel Grenier are the two community resources who can help you no matter what you are going through. They offer front-line services to [&hellip;]<\/p>\n","protected":false},"author":5,"featured_media":3221,"parent":7866,"menu_order":78,"comment_status":"closed","ping_status":"closed","template":"page-notitle.php","meta":{"_acf_changed":false,"featured_image_focal_point":[],"footnotes":""},"class_list":["post-38334","page","type-page","status-publish","has-post-thumbnail","hentry"],"acf":[],"yoast_head":"<title>Soutien psychologique - FSA - Universit\u00e9 Laval<\/title>\r\n<meta name=\"description\" content=\"Si vous vivez des difficult\u00e9s de toutes sortes, vous pouvez maintenant compter sur notre intervenante de proximit\u00e9.\" \/>\r\n<meta name=\"robots\" content=\"index, follow, max-snippet:-1, max-image-preview:large, max-video-preview:-1\" \/>\r\n<link rel=\"canonical\" href=\"https:\/\/www.fsa.ulaval.ca\/en\/faculty\/services\/bien-etre-etudiant\/\" \/>\r\n<meta property=\"og:locale\" content=\"en_US\" \/>\r\n<meta property=\"og:type\" content=\"article\" \/>\r\n<meta property=\"og:title\" content=\"Soutien psychologique - FSA - Universit\u00e9 Laval\" \/>\r\n<meta property=\"og:description\" content=\"Si vous vivez des difficult\u00e9s de toutes sortes, vous pouvez maintenant compter sur notre intervenante de proximit\u00e9.\" \/>\r\n<meta property=\"og:url\" content=\"https:\/\/www.fsa.ulaval.ca\/en\/faculty\/services\/bien-etre-etudiant\/\" \/>\r\n<meta property=\"og:site_name\" content=\"FSA ULaval\" \/>\r\n<meta property=\"article:publisher\" content=\"https:\/\/www.facebook.com\/fsaulaval\" \/>\r\n<meta property=\"article:modified_time\" content=\"2025-09-09T13:45:33+00:00\" \/>\r\n<meta property=\"og:image\" content=\"https:\/\/www.fsa.ulaval.ca\/wp-content\/uploads\/2023\/03\/fsa-ulaval-2-rs.jpg\" \/>\r\n\t<meta property=\"og:image:width\" content=\"1200\" \/>\r\n\t<meta property=\"og:image:height\" content=\"630\" \/>\r\n\t<meta property=\"og:image:type\" content=\"image\/jpeg\" \/>\r\n<meta name=\"twitter:card\" content=\"summary_large_image\" \/>\r\n<meta name=\"twitter:title\" content=\"Soutien psychologique - FSA - Universit\u00e9 Laval\" \/>\r\n<meta name=\"twitter:description\" content=\"Si vous vivez des difficult\u00e9s de toutes sortes, vous pouvez maintenant compter sur notre intervenante de proximit\u00e9.\" \/>\r\n<meta name=\"twitter:site\" content=\"@fsaulaval\" \/>\r\n<meta name=\"twitter:label1\" content=\"Est. reading time\" \/>\n\t<meta name=\"twitter:data1\" content=\"3 minutes\" \/>\r\n<script type=\"application\/ld+json\" class=\"yoast-schema-graph\">{\"@context\":\"https:\/\/schema.org\",\"@graph\":[{\"@type\":\"WebPage\",\"@id\":\"https:\/\/www.fsa.ulaval.ca\/en\/faculty\/services\/bien-etre-etudiant\/\",\"url\":\"https:\/\/www.fsa.ulaval.ca\/en\/faculty\/services\/bien-etre-etudiant\/\",\"name\":\"Soutien psychologique - FSA - Universit\u00e9 Laval\",\"isPartOf\":{\"@id\":\"https:\/\/www.fsa.ulaval.ca\/en\/#website\"},\"primaryImageOfPage\":{\"@id\":\"https:\/\/www.fsa.ulaval.ca\/en\/faculty\/services\/bien-etre-etudiant\/#primaryimage\"},\"image\":{\"@id\":\"https:\/\/www.fsa.ulaval.ca\/en\/faculty\/services\/bien-etre-etudiant\/#primaryimage\"},\"thumbnailUrl\":\"https:\/\/www.fsa.ulaval.ca\/wp-content\/uploads\/2022\/11\/soutien-entete.jpg\",\"datePublished\":\"2022-11-11T21:13:03+00:00\",\"dateModified\":\"2025-09-09T13:45:33+00:00\",\"description\":\"Si vous vivez des difficult\u00e9s de toutes sortes, vous pouvez maintenant compter sur notre intervenante de proximit\u00e9.\",\"breadcrumb\":{\"@id\":\"https:\/\/www.fsa.ulaval.ca\/en\/faculty\/services\/bien-etre-etudiant\/#breadcrumb\"},\"inLanguage\":\"en-US\",\"potentialAction\":[{\"@type\":\"ReadAction\",\"target\":[\"https:\/\/www.fsa.ulaval.ca\/en\/faculty\/services\/bien-etre-etudiant\/\"]}]},{\"@type\":\"ImageObject\",\"inLanguage\":\"en-US\",\"@id\":\"https:\/\/www.fsa.ulaval.ca\/en\/faculty\/services\/bien-etre-etudiant\/#primaryimage\",\"url\":\"https:\/\/www.fsa.ulaval.ca\/wp-content\/uploads\/2022\/11\/soutien-entete.jpg\",\"contentUrl\":\"https:\/\/www.fsa.ulaval.ca\/wp-content\/uploads\/2022\/11\/soutien-entete.jpg\",\"width\":1200,\"height\":1200},{\"@type\":\"BreadcrumbList\",\"@id\":\"https:\/\/www.fsa.ulaval.ca\/en\/faculty\/services\/bien-etre-etudiant\/#breadcrumb\",\"itemListElement\":[{\"@type\":\"ListItem\",\"position\":1,\"name\":\"Accueil\",\"item\":\"https:\/\/www.fsa.ulaval.ca\/en\/\"},{\"@type\":\"ListItem\",\"position\":2,\"name\":\"About Us\",\"item\":\"https:\/\/www.fsa.ulaval.ca\/en\/faculty\/\"},{\"@type\":\"ListItem\",\"position\":3,\"name\":\"Services\",\"item\":\"https:\/\/www.fsa.ulaval.ca\/en\/faculty\/services\/\"},{\"@type\":\"ListItem\",\"position\":4,\"name\":\"Soutien psychologique\"}]},{\"@type\":\"WebSite\",\"@id\":\"https:\/\/www.fsa.ulaval.ca\/en\/#website\",\"url\":\"https:\/\/www.fsa.ulaval.ca\/en\/\",\"name\":\"FSA ULaval\",\"description\":\"FSA ULaval\",\"publisher\":{\"@id\":\"https:\/\/www.fsa.ulaval.ca\/en\/#organization\"},\"potentialAction\":[{\"@type\":\"SearchAction\",\"target\":{\"@type\":\"EntryPoint\",\"urlTemplate\":\"https:\/\/www.fsa.ulaval.ca\/en\/?s={search_term_string}\"},\"query-input\":{\"@type\":\"PropertyValueSpecification\",\"valueRequired\":true,\"valueName\":\"search_term_string\"}}],\"inLanguage\":\"en-US\"},{\"@type\":\"Organization\",\"@id\":\"https:\/\/www.fsa.ulaval.ca\/en\/#organization\",\"name\":\"FSA ULaval\",\"alternateName\":\"FSA ULaval\",\"url\":\"https:\/\/www.fsa.ulaval.ca\/en\/\",\"logo\":{\"@type\":\"ImageObject\",\"inLanguage\":\"en-US\",\"@id\":\"https:\/\/www.fsa.ulaval.ca\/en\/#\/schema\/logo\/image\/\",\"url\":\"https:\/\/www.fsa.ulaval.ca\/wp-content\/uploads\/2023\/03\/logo_facultaire.jpg\",\"contentUrl\":\"https:\/\/www.fsa.ulaval.ca\/wp-content\/uploads\/2023\/03\/logo_facultaire.jpg\",\"width\":200,\"height\":200,\"caption\":\"FSA ULaval\"},\"image\":{\"@id\":\"https:\/\/www.fsa.ulaval.ca\/en\/#\/schema\/logo\/image\/\"},\"sameAs\":[\"https:\/\/www.facebook.com\/fsaulaval\",\"https:\/\/x.com\/fsaulaval\",\"https:\/\/ca.linkedin.com\/company\/fsaulaval\",\"https:\/\/www.instagram.com\/fsaulaval\/\"]}]}<\/script>","yoast_head_json":{"title":"Soutien psychologique - FSA - Universit\u00e9 Laval","description":"Si vous vivez des difficult\u00e9s de toutes sortes, vous pouvez maintenant compter sur notre intervenante de proximit\u00e9.","robots":{"index":"index","follow":"follow","max-snippet":"max-snippet:-1","max-image-preview":"max-image-preview:large","max-video-preview":"max-video-preview:-1"},"canonical":"https:\/\/www.fsa.ulaval.ca\/en\/faculty\/services\/bien-etre-etudiant\/","og_locale":"en_US","og_type":"article","og_title":"Soutien psychologique - FSA - Universit\u00e9 Laval","og_description":"Si vous vivez des difficult\u00e9s de toutes sortes, vous pouvez maintenant compter sur notre intervenante de proximit\u00e9.","og_url":"https:\/\/www.fsa.ulaval.ca\/en\/faculty\/services\/bien-etre-etudiant\/","og_site_name":"FSA ULaval","article_publisher":"https:\/\/www.facebook.com\/fsaulaval","article_modified_time":"2025-09-09T13:45:33+00:00","og_image":[{"width":1200,"height":630,"url":"https:\/\/www.fsa.ulaval.ca\/wp-content\/uploads\/2023\/03\/fsa-ulaval-2-rs.jpg","type":"image\/jpeg"}],"twitter_card":"summary_large_image","twitter_title":"Soutien psychologique - FSA - Universit\u00e9 Laval","twitter_description":"Si vous vivez des difficult\u00e9s de toutes sortes, vous pouvez maintenant compter sur notre intervenante de proximit\u00e9.","twitter_site":"@fsaulaval","twitter_misc":{"Est. reading time":"3 minutes"},"schema":{"@context":"https:\/\/schema.org","@graph":[{"@type":"WebPage","@id":"https:\/\/www.fsa.ulaval.ca\/en\/faculty\/services\/bien-etre-etudiant\/","url":"https:\/\/www.fsa.ulaval.ca\/en\/faculty\/services\/bien-etre-etudiant\/","name":"Soutien psychologique - FSA - Universit\u00e9 Laval","isPartOf":{"@id":"https:\/\/www.fsa.ulaval.ca\/en\/#website"},"primaryImageOfPage":{"@id":"https:\/\/www.fsa.ulaval.ca\/en\/faculty\/services\/bien-etre-etudiant\/#primaryimage"},"image":{"@id":"https:\/\/www.fsa.ulaval.ca\/en\/faculty\/services\/bien-etre-etudiant\/#primaryimage"},"thumbnailUrl":"https:\/\/www.fsa.ulaval.ca\/wp-content\/uploads\/2022\/11\/soutien-entete.jpg","datePublished":"2022-11-11T21:13:03+00:00","dateModified":"2025-09-09T13:45:33+00:00","description":"Si vous vivez des difficult\u00e9s de toutes sortes, vous pouvez maintenant compter sur notre intervenante de proximit\u00e9.","breadcrumb":{"@id":"https:\/\/www.fsa.ulaval.ca\/en\/faculty\/services\/bien-etre-etudiant\/#breadcrumb"},"inLanguage":"en-US","potentialAction":[{"@type":"ReadAction","target":["https:\/\/www.fsa.ulaval.ca\/en\/faculty\/services\/bien-etre-etudiant\/"]}]},{"@type":"ImageObject","inLanguage":"en-US","@id":"https:\/\/www.fsa.ulaval.ca\/en\/faculty\/services\/bien-etre-etudiant\/#primaryimage","url":"https:\/\/www.fsa.ulaval.ca\/wp-content\/uploads\/2022\/11\/soutien-entete.jpg","contentUrl":"https:\/\/www.fsa.ulaval.ca\/wp-content\/uploads\/2022\/11\/soutien-entete.jpg","width":1200,"height":1200},{"@type":"BreadcrumbList","@id":"https:\/\/www.fsa.ulaval.ca\/en\/faculty\/services\/bien-etre-etudiant\/#breadcrumb","itemListElement":[{"@type":"ListItem","position":1,"name":"Accueil","item":"https:\/\/www.fsa.ulaval.ca\/en\/"},{"@type":"ListItem","position":2,"name":"About Us","item":"https:\/\/www.fsa.ulaval.ca\/en\/faculty\/"},{"@type":"ListItem","position":3,"name":"Services","item":"https:\/\/www.fsa.ulaval.ca\/en\/faculty\/services\/"},{"@type":"ListItem","position":4,"name":"Soutien psychologique"}]},{"@type":"WebSite","@id":"https:\/\/www.fsa.ulaval.ca\/en\/#website","url":"https:\/\/www.fsa.ulaval.ca\/en\/","name":"FSA ULaval","description":"FSA ULaval","publisher":{"@id":"https:\/\/www.fsa.ulaval.ca\/en\/#organization"},"potentialAction":[{"@type":"SearchAction","target":{"@type":"EntryPoint","urlTemplate":"https:\/\/www.fsa.ulaval.ca\/en\/?s={search_term_string}"},"query-input":{"@type":"PropertyValueSpecification","valueRequired":true,"valueName":"search_term_string"}}],"inLanguage":"en-US"},{"@type":"Organization","@id":"https:\/\/www.fsa.ulaval.ca\/en\/#organization","name":"FSA ULaval","alternateName":"FSA ULaval","url":"https:\/\/www.fsa.ulaval.ca\/en\/","logo":{"@type":"ImageObject","inLanguage":"en-US","@id":"https:\/\/www.fsa.ulaval.ca\/en\/#\/schema\/logo\/image\/","url":"https:\/\/www.fsa.ulaval.ca\/wp-content\/uploads\/2023\/03\/logo_facultaire.jpg","contentUrl":"https:\/\/www.fsa.ulaval.ca\/wp-content\/uploads\/2023\/03\/logo_facultaire.jpg","width":200,"height":200,"caption":"FSA ULaval"},"image":{"@id":"https:\/\/www.fsa.ulaval.ca\/en\/#\/schema\/logo\/image\/"},"sameAs":["https:\/\/www.facebook.com\/fsaulaval","https:\/\/x.com\/fsaulaval","https:\/\/ca.linkedin.com\/company\/fsaulaval","https:\/\/www.instagram.com\/fsaulaval\/"]}]}},"_links":{"self":[{"href":"https:\/\/www.fsa.ulaval.ca\/en\/wp-json\/wp\/v2\/pages\/38334","targetHints":{"allow":["GET"]}}],"collection":[{"href":"https:\/\/www.fsa.ulaval.ca\/en\/wp-json\/wp\/v2\/pages"}],"about":[{"href":"https:\/\/www.fsa.ulaval.ca\/en\/wp-json\/wp\/v2\/types\/page"}],"author":[{"embeddable":true,"href":"https:\/\/www.fsa.ulaval.ca\/en\/wp-json\/wp\/v2\/users\/5"}],"replies":[{"embeddable":true,"href":"https:\/\/www.fsa.ulaval.ca\/en\/wp-json\/wp\/v2\/comments?post=38334"}],"version-history":[{"count":3,"href":"https:\/\/www.fsa.ulaval.ca\/en\/wp-json\/wp\/v2\/pages\/38334\/revisions"}],"predecessor-version":[{"id":38343,"href":"https:\/\/www.fsa.ulaval.ca\/en\/wp-json\/wp\/v2\/pages\/38334\/revisions\/38343"}],"up":[{"embeddable":true,"href":"https:\/\/www.fsa.ulaval.ca\/en\/wp-json\/wp\/v2\/pages\/7866"}],"wp:featuredmedia":[{"embeddable":true,"href":"https:\/\/www.fsa.ulaval.ca\/en\/wp-json\/wp\/v2\/media\/3221"}],"wp:attachment":[{"href":"https:\/\/www.fsa.ulaval.ca\/en\/wp-json\/wp\/v2\/media?parent=38334"}],"curies":[{"name":"wp","href":"https:\/\/api.w.org\/{rel}","templated":true}]}}