{"id":6866,"date":"2022-10-14T15:33:14","date_gmt":"2022-10-14T19:33:14","guid":{"rendered":"https:\/\/www.fsa.ulaval.ca\/?page_id=6866"},"modified":"2025-07-17T08:22:57","modified_gmt":"2025-07-17T12:22:57","slug":"delivery-modes-languages-instruction","status":"publish","type":"page","link":"https:\/\/www.fsa.ulaval.ca\/en\/academics\/delivery-modes-languages-instruction\/","title":{"rendered":"Delivery Modes and Languages of Instruction"},"content":{"rendered":"\n<h2 class=\"wp-block-heading add-squiggle\" id=\"h-deliverymodes\">Delivery<br><mark style=\"background-color:#FFCC00\" class=\"has-inline-color has-black-color\">Modes<\/mark><\/h2>\n\n\n\n<div class=\"wp-block-columns is-layout-flex wp-container-core-columns-is-layout-9d6595d7 wp-block-columns-is-layout-flex\">\n<div class=\"wp-block-column is-style-column-frame-yellow is-layout-flow wp-block-column-is-layout-flow\">\n<figure class=\"wp-block-image aligncenter size-medium is-resized\"><img decoding=\"async\" src=\"https:\/\/www.fsa.ulaval.ca\/wp-content\/uploads\/2025\/07\/Formule-langue-pre\u0301sentiel.svg\" alt=\"\" class=\"wp-image-37713\" style=\"width:300px;height:300px\"\/><\/figure>\n\n\n\n<h3 class=\"wp-block-heading has-text-align-center\" id=\"h-in-person-courses\">In-Person Courses<\/h3>\n\n\n\n<p>In-person courses refer to the traditional classroom learning delivery mode where you have to physically go to the campus every week to attend the classes with the other students and the teacher for the entire duration of the activity. This delivery mode fosters interaction among all participants.<\/p>\n\n\n\n<p>Exams for these courses take place under supervision on the campus only.<\/p>\n\n\n\n<div class=\"wp-block-buttons is-layout-flex wp-block-buttons-is-layout-flex\">\n<div class=\"wp-block-button is-style-button-small-arrow\"><a class=\"wp-block-button__link has-yellow-background-color has-background wp-element-button\" href=\"https:\/\/www.fsa.ulaval.ca\/en\/course-catalogue\/?type[]=P\">View all our courses offered in in-person delivery mode<\/a><\/div>\n<\/div>\n\n\n\n<div style=\"height:20px\" aria-hidden=\"true\" class=\"wp-block-spacer\"><\/div>\n<\/div>\n\n\n\n<div class=\"wp-block-column is-style-column-frame-yellow is-layout-flow wp-block-column-is-layout-flow\">\n<figure class=\"wp-block-image aligncenter size-medium is-resized\"><img decoding=\"async\" src=\"https:\/\/www.fsa.ulaval.ca\/wp-content\/uploads\/2025\/07\/Formule-langue-distance-asynchrone.svg\" alt=\"\" class=\"wp-image-37709\" style=\"object-fit:cover;width:300px;height:300px\"\/><\/figure>\n\n\n\n<h3 class=\"wp-block-heading has-text-align-center\" id=\"h-distance-learning-courses\">Distance Learning Courses<\/h3>\n\n\n\n<p>The distance learning delivery mode allows you to take a course from another location. The course is taught in a virtual space and can be delivered in synchronous or asynchronous mode, depending on the course and the nature of its content. This delivery mode prioritizes access to the training by minimizing the amount of travel required.<\/p>\n\n\n\n<p>Exams for these courses take place under supervision and can be taken either on the Universit\u00e9 Laval campus in Qu\u00e9bec City, or at one of the exam centres located in Qu\u00e9bec, New Brunswick, Ontario or elsewhere on the planet under the supervision of a referee.<\/p>\n\n\n\n<div class=\"wp-block-buttons is-layout-flex wp-block-buttons-is-layout-flex\">\n<div class=\"wp-block-button is-style-button-small-arrow\"><a class=\"wp-block-button__link has-yellow-background-color has-background wp-element-button\" href=\"https:\/\/www.fsa.ulaval.ca\/en\/course-catalogue\/?type[]=D&amp;type[]=Y\">View all our courses offered in distance learning delivery mode<\/a><\/div>\n<\/div>\n\n\n\n<div style=\"height:20px\" aria-hidden=\"true\" class=\"wp-block-spacer\"><\/div>\n<\/div>\n<\/div>\n\n\n\n<div class=\"wp-block-columns is-layout-flex wp-container-core-columns-is-layout-9d6595d7 wp-block-columns-is-layout-flex\">\n<div class=\"wp-block-column is-style-column-frame-yellow is-layout-flow wp-block-column-is-layout-flow\">\n<figure class=\"wp-block-image aligncenter size-medium is-resized\"><img decoding=\"async\" src=\"https:\/\/www.fsa.ulaval.ca\/wp-content\/uploads\/2025\/07\/Formule-langue-pre\u0301sentiel-hybride.svg\" alt=\"\" class=\"wp-image-37711\" style=\"object-fit:cover;width:300px;height:300px\"\/><\/figure>\n\n\n\n<h3 class=\"wp-block-heading has-text-align-center\" id=\"h-hybrid-courses\">Hybrid Courses<\/h3>\n\n\n\n<p>Hybrid courses offer a combination of in-person and distance learning courses. The delivery mode distribution is determined by the teacher at the beginning of the semester. This delivery mode therefore provides opportunities to meet the other students and the teacher in person, while reducing the amount of travel required.<\/p>\n\n\n\n<p>Exams for these courses take place under supervision on the campus only.<\/p>\n\n\n\n<div class=\"wp-block-buttons is-layout-flex wp-block-buttons-is-layout-flex\">\n<div class=\"wp-block-button is-style-button-small-arrow\"><a class=\"wp-block-button__link has-yellow-background-color has-background wp-element-button\" href=\"https:\/\/www.fsa.ulaval.ca\/en\/course-catalogue\/?type[]=H\">View all our courses offered in hybrid delivery mode<\/a><\/div>\n<\/div>\n\n\n\n<div style=\"height:20px\" aria-hidden=\"true\" class=\"wp-block-spacer\"><\/div>\n<\/div>\n\n\n\n<div class=\"wp-block-column is-style-column-frame-yellow is-layout-flow wp-block-column-is-layout-flow\">\n<figure class=\"wp-block-image aligncenter size-medium is-resized\"><img decoding=\"async\" src=\"https:\/\/www.fsa.ulaval.ca\/wp-content\/uploads\/2025\/07\/Formule-langue-comodale.svg\" alt=\"\" class=\"wp-image-37707\" style=\"object-fit:cover;width:300px;height:300px\"\/><\/figure>\n\n\n\n<h3 class=\"wp-block-heading has-text-align-center\" id=\"h-comodal-courses\">Comodal Courses<\/h3>\n\n\n\n<p>Comodal courses are offered simultaneously in both in-person and distance learning delivery modes, thereby allowing students to choose whether they want to attend the class in person or from another location. This delivery mode therefore provides flexibility, as students can choose the location that is most convenient for them for each class.<\/p>\n\n\n\n<p>Exams for these courses take place under supervision and can be taken either on the Universit\u00e9 Laval campus in Qu\u00e9bec City, or at one of the exam centres located in Qu\u00e9bec, New Brunswick, Ontario or elsewhere on the planet under the supervision of a referee.<\/p>\n\n\n\n<div class=\"wp-block-buttons is-layout-flex wp-block-buttons-is-layout-flex\">\n<div class=\"wp-block-button is-style-button-small-arrow\"><a class=\"wp-block-button__link has-yellow-background-color has-background wp-element-button\" href=\"https:\/\/www.fsa.ulaval.ca\/en\/course-catalogue\/?type[]=C\">View all our courses offered in comodal delivery mode<\/a><\/div>\n<\/div>\n\n\n\n<div style=\"height:20px\" aria-hidden=\"true\" class=\"wp-block-spacer\"><\/div>\n<\/div>\n<\/div>\n\n\n\n<h2 class=\"wp-block-heading add-squiggle\" id=\"h-synchronous-orasynchronous\">Synchronous or<br><mark style=\"background-color:#FFCC00\" class=\"has-inline-color\">Asynchronous?<\/mark><\/h2>\n\n\n\n<p>Each delivery mode can be offered in either synchronously, asynchronously, or both. Here are the main implications.<\/p>\n\n\n\n<div class=\"wp-block-columns is-layout-flex wp-container-core-columns-is-layout-9d6595d7 wp-block-columns-is-layout-flex\">\n<div class=\"wp-block-column is-style-column-frame-black is-layout-flow wp-block-column-is-layout-flow\">\n<h3 class=\"wp-block-heading\" id=\"h-synchronous\">Synchronous<\/h3>\n\n\n\n<p>Synchronous activities are held according to a set schedule. In-person activities fall under this delivery mode, as do some distance learning activities. You can therefore benefit from a set schedule and a period in which to actively participate in exchanges and discussions with the other participants.<\/p>\n<\/div>\n\n\n\n<div class=\"wp-block-column is-style-column-frame-black is-layout-flow wp-block-column-is-layout-flow\">\n<h3 class=\"wp-block-heading\" id=\"h-asynchronous\">Asynchronous<\/h3>\n\n\n\n<p>Asynchronous activities offer recordings and content that can be viewed at any time. This therefore makes it easier to adapt the courses to your schedule and go back to view material from previous classes.<\/p>\n<\/div>\n<\/div>\n\n\n\n<h2 class=\"wp-block-heading add-squiggle\" id=\"h-teachinglanguages\">Teaching<br><mark style=\"background-color:#FFCC00\" class=\"has-inline-color has-black-color\">Languages<\/mark><\/h2>\n\n\n\n<div class=\"wp-block-columns is-layout-flex wp-container-core-columns-is-layout-9d6595d7 wp-block-columns-is-layout-flex\">\n<div class=\"wp-block-column is-style-column-frame-yellow is-layout-flow wp-block-column-is-layout-flow\" style=\"flex-basis:33.33%\">\n<h3 class=\"wp-block-heading\" id=\"h-french\">French<\/h3>\n\n\n\n<p>Official teaching language of Universit\u00e9 Laval<\/p>\n\n\n\n<div class=\"wp-block-buttons is-layout-flex wp-block-buttons-is-layout-flex\">\n<div class=\"wp-block-button\"><a class=\"wp-block-button__link has-yellow-background-color has-background wp-element-button\" href=\"https:\/\/www.fsa.ulaval.ca\/en\/course-catalogue\/?langue=FR\">See all our French courses<\/a><\/div>\n<\/div>\n<\/div>\n\n\n\n<div class=\"wp-block-column is-style-column-frame-yellow is-layout-flow wp-block-column-is-layout-flow\" style=\"flex-basis:66.66%\">\n<h3 class=\"wp-block-heading\" id=\"h-english\">English<\/h3>\n\n\n\n<p>FSA ULaval offers you several management courses in English.<\/p>\n\n\n\n<p>If you choose to take your courses in English, know that you will still be able to complete your work and take your exams in French. However, course materials, instructions and exams will not be translated.<\/p>\n\n\n\n<div class=\"wp-block-buttons is-layout-flex wp-block-buttons-is-layout-flex\">\n<div class=\"wp-block-button\"><a class=\"wp-block-button__link has-yellow-background-color has-background wp-element-button\" href=\"https:\/\/www.fsa.ulaval.ca\/en\/course-catalogue\/?langue=DANG\">See all our English courses<\/a><\/div>\n<\/div>\n\n\n\n<div style=\"height:20px\" aria-hidden=\"true\" class=\"wp-block-spacer\"><\/div>\n<\/div>\n<\/div>\n","protected":false},"excerpt":{"rendered":"<p>DeliveryModes In-Person Courses In-person courses refer to the traditional classroom learning delivery mode where you have to physically go to the campus every week to attend the classes with the other students and the teacher for the entire duration of the activity. This delivery mode fosters interaction among all participants. Exams for these courses take [&hellip;]<\/p>\n","protected":false},"author":5,"featured_media":0,"parent":6738,"menu_order":81,"comment_status":"closed","ping_status":"closed","template":"","meta":{"_acf_changed":false,"featured_image_focal_point":[],"footnotes":""},"class_list":["post-6866","page","type-page","status-publish","hentry"],"acf":[],"yoast_head":"<title>Delivery Modes + Languages of Instruction - FSA - Universit\u00e9 Laval<\/title>\r\n<meta name=\"description\" content=\"Opt for flexibility: classroom, face-to-face-hybrid, distance-hybrid, asynchronous distance, synchronous distance, co-modal, etc.\" \/>\r\n<meta name=\"robots\" content=\"index, follow, max-snippet:-1, max-image-preview:large, max-video-preview:-1\" \/>\r\n<link rel=\"canonical\" href=\"https:\/\/www.fsa.ulaval.ca\/en\/academics\/delivery-modes-languages-instruction\/\" \/>\r\n<meta property=\"og:locale\" content=\"en_US\" \/>\r\n<meta property=\"og:type\" content=\"article\" \/>\r\n<meta property=\"og:title\" content=\"Delivery Modes + Languages of Instruction - FSA - Universit\u00e9 Laval\" \/>\r\n<meta property=\"og:description\" content=\"Opt for flexibility: classroom, face-to-face-hybrid, distance-hybrid, asynchronous distance, synchronous distance, co-modal, etc.\" \/>\r\n<meta property=\"og:url\" content=\"https:\/\/www.fsa.ulaval.ca\/en\/academics\/delivery-modes-languages-instruction\/\" \/>\r\n<meta property=\"og:site_name\" content=\"FSA ULaval\" \/>\r\n<meta property=\"article:publisher\" content=\"https:\/\/www.facebook.com\/fsaulaval\" \/>\r\n<meta property=\"article:modified_time\" content=\"2025-07-17T12:22:57+00:00\" \/>\r\n<meta property=\"og:image\" content=\"https:\/\/www.fsa.ulaval.ca\/wp-content\/uploads\/2023\/03\/fsa-ulaval-5-rs.jpg\" \/>\r\n\t<meta property=\"og:image:width\" content=\"1200\" \/>\r\n\t<meta property=\"og:image:height\" content=\"630\" \/>\r\n\t<meta property=\"og:image:type\" content=\"image\/jpeg\" \/>\r\n<meta name=\"twitter:card\" content=\"summary_large_image\" \/>\r\n<meta name=\"twitter:title\" content=\"Delivery Modes + Languages of Instruction - FSA - Universit\u00e9 Laval\" \/>\r\n<meta name=\"twitter:description\" content=\"Opt for flexibility: classroom, face-to-face-hybrid, distance-hybrid, asynchronous distance, synchronous distance, co-modal, etc.\" \/>\r\n<meta name=\"twitter:site\" content=\"@fsaulaval\" \/>\r\n<meta name=\"twitter:label1\" content=\"Est. reading time\" \/>\n\t<meta name=\"twitter:data1\" content=\"4 minutes\" \/>\r\n<script type=\"application\/ld+json\" class=\"yoast-schema-graph\">{\"@context\":\"https:\/\/schema.org\",\"@graph\":[{\"@type\":\"WebPage\",\"@id\":\"https:\/\/www.fsa.ulaval.ca\/en\/academics\/delivery-modes-languages-instruction\/\",\"url\":\"https:\/\/www.fsa.ulaval.ca\/en\/academics\/delivery-modes-languages-instruction\/\",\"name\":\"Delivery Modes + Languages of Instruction - FSA - Universit\u00e9 Laval\",\"isPartOf\":{\"@id\":\"https:\/\/www.fsa.ulaval.ca\/en\/#website\"},\"primaryImageOfPage\":{\"@id\":\"https:\/\/www.fsa.ulaval.ca\/en\/academics\/delivery-modes-languages-instruction\/#primaryimage\"},\"image\":{\"@id\":\"https:\/\/www.fsa.ulaval.ca\/en\/academics\/delivery-modes-languages-instruction\/#primaryimage\"},\"thumbnailUrl\":\"https:\/\/www.fsa.ulaval.ca\/wp-content\/uploads\/2025\/07\/Formule-langue-distance-asynchrone.svg\",\"datePublished\":\"2022-10-14T19:33:14+00:00\",\"dateModified\":\"2025-07-17T12:22:57+00:00\",\"description\":\"Opt for flexibility: classroom, face-to-face-hybrid, distance-hybrid, asynchronous distance, synchronous distance, co-modal, etc.\",\"breadcrumb\":{\"@id\":\"https:\/\/www.fsa.ulaval.ca\/en\/academics\/delivery-modes-languages-instruction\/#breadcrumb\"},\"inLanguage\":\"en-US\",\"potentialAction\":[{\"@type\":\"ReadAction\",\"target\":[\"https:\/\/www.fsa.ulaval.ca\/en\/academics\/delivery-modes-languages-instruction\/\"]}]},{\"@type\":\"ImageObject\",\"inLanguage\":\"en-US\",\"@id\":\"https:\/\/www.fsa.ulaval.ca\/en\/academics\/delivery-modes-languages-instruction\/#primaryimage\",\"url\":\"https:\/\/www.fsa.ulaval.ca\/wp-content\/uploads\/2025\/07\/Formule-langue-distance-asynchrone.svg\",\"contentUrl\":\"https:\/\/www.fsa.ulaval.ca\/wp-content\/uploads\/2025\/07\/Formule-langue-distance-asynchrone.svg\"},{\"@type\":\"BreadcrumbList\",\"@id\":\"https:\/\/www.fsa.ulaval.ca\/en\/academics\/delivery-modes-languages-instruction\/#breadcrumb\",\"itemListElement\":[{\"@type\":\"ListItem\",\"position\":1,\"name\":\"Accueil\",\"item\":\"https:\/\/www.fsa.ulaval.ca\/en\/\"},{\"@type\":\"ListItem\",\"position\":2,\"name\":\"Academics\",\"item\":\"https:\/\/www.fsa.ulaval.ca\/en\/academics\/\"},{\"@type\":\"ListItem\",\"position\":3,\"name\":\"Delivery Modes and Languages of Instruction\"}]},{\"@type\":\"WebSite\",\"@id\":\"https:\/\/www.fsa.ulaval.ca\/en\/#website\",\"url\":\"https:\/\/www.fsa.ulaval.ca\/en\/\",\"name\":\"FSA ULaval\",\"description\":\"FSA ULaval\",\"publisher\":{\"@id\":\"https:\/\/www.fsa.ulaval.ca\/en\/#organization\"},\"potentialAction\":[{\"@type\":\"SearchAction\",\"target\":{\"@type\":\"EntryPoint\",\"urlTemplate\":\"https:\/\/www.fsa.ulaval.ca\/en\/?s={search_term_string}\"},\"query-input\":{\"@type\":\"PropertyValueSpecification\",\"valueRequired\":true,\"valueName\":\"search_term_string\"}}],\"inLanguage\":\"en-US\"},{\"@type\":\"Organization\",\"@id\":\"https:\/\/www.fsa.ulaval.ca\/en\/#organization\",\"name\":\"FSA ULaval\",\"alternateName\":\"FSA ULaval\",\"url\":\"https:\/\/www.fsa.ulaval.ca\/en\/\",\"logo\":{\"@type\":\"ImageObject\",\"inLanguage\":\"en-US\",\"@id\":\"https:\/\/www.fsa.ulaval.ca\/en\/#\/schema\/logo\/image\/\",\"url\":\"https:\/\/www.fsa.ulaval.ca\/wp-content\/uploads\/2023\/03\/logo_facultaire.jpg\",\"contentUrl\":\"https:\/\/www.fsa.ulaval.ca\/wp-content\/uploads\/2023\/03\/logo_facultaire.jpg\",\"width\":200,\"height\":200,\"caption\":\"FSA ULaval\"},\"image\":{\"@id\":\"https:\/\/www.fsa.ulaval.ca\/en\/#\/schema\/logo\/image\/\"},\"sameAs\":[\"https:\/\/www.facebook.com\/fsaulaval\",\"https:\/\/x.com\/fsaulaval\",\"https:\/\/ca.linkedin.com\/company\/fsaulaval\",\"https:\/\/www.instagram.com\/fsaulaval\/\"]}]}<\/script>","yoast_head_json":{"title":"Delivery Modes + Languages of Instruction - FSA - Universit\u00e9 Laval","description":"Opt for flexibility: classroom, face-to-face-hybrid, distance-hybrid, asynchronous distance, synchronous distance, co-modal, etc.","robots":{"index":"index","follow":"follow","max-snippet":"max-snippet:-1","max-image-preview":"max-image-preview:large","max-video-preview":"max-video-preview:-1"},"canonical":"https:\/\/www.fsa.ulaval.ca\/en\/academics\/delivery-modes-languages-instruction\/","og_locale":"en_US","og_type":"article","og_title":"Delivery Modes + Languages of Instruction - FSA - Universit\u00e9 Laval","og_description":"Opt for flexibility: classroom, face-to-face-hybrid, distance-hybrid, asynchronous distance, synchronous distance, co-modal, etc.","og_url":"https:\/\/www.fsa.ulaval.ca\/en\/academics\/delivery-modes-languages-instruction\/","og_site_name":"FSA ULaval","article_publisher":"https:\/\/www.facebook.com\/fsaulaval","article_modified_time":"2025-07-17T12:22:57+00:00","og_image":[{"width":1200,"height":630,"url":"https:\/\/www.fsa.ulaval.ca\/wp-content\/uploads\/2023\/03\/fsa-ulaval-5-rs.jpg","type":"image\/jpeg"}],"twitter_card":"summary_large_image","twitter_title":"Delivery Modes + Languages of Instruction - FSA - Universit\u00e9 Laval","twitter_description":"Opt for flexibility: classroom, face-to-face-hybrid, distance-hybrid, asynchronous distance, synchronous distance, co-modal, etc.","twitter_site":"@fsaulaval","twitter_misc":{"Est. reading time":"4 minutes"},"schema":{"@context":"https:\/\/schema.org","@graph":[{"@type":"WebPage","@id":"https:\/\/www.fsa.ulaval.ca\/en\/academics\/delivery-modes-languages-instruction\/","url":"https:\/\/www.fsa.ulaval.ca\/en\/academics\/delivery-modes-languages-instruction\/","name":"Delivery Modes + Languages of Instruction - FSA - Universit\u00e9 Laval","isPartOf":{"@id":"https:\/\/www.fsa.ulaval.ca\/en\/#website"},"primaryImageOfPage":{"@id":"https:\/\/www.fsa.ulaval.ca\/en\/academics\/delivery-modes-languages-instruction\/#primaryimage"},"image":{"@id":"https:\/\/www.fsa.ulaval.ca\/en\/academics\/delivery-modes-languages-instruction\/#primaryimage"},"thumbnailUrl":"https:\/\/www.fsa.ulaval.ca\/wp-content\/uploads\/2025\/07\/Formule-langue-distance-asynchrone.svg","datePublished":"2022-10-14T19:33:14+00:00","dateModified":"2025-07-17T12:22:57+00:00","description":"Opt for flexibility: classroom, face-to-face-hybrid, distance-hybrid, asynchronous distance, synchronous distance, co-modal, etc.","breadcrumb":{"@id":"https:\/\/www.fsa.ulaval.ca\/en\/academics\/delivery-modes-languages-instruction\/#breadcrumb"},"inLanguage":"en-US","potentialAction":[{"@type":"ReadAction","target":["https:\/\/www.fsa.ulaval.ca\/en\/academics\/delivery-modes-languages-instruction\/"]}]},{"@type":"ImageObject","inLanguage":"en-US","@id":"https:\/\/www.fsa.ulaval.ca\/en\/academics\/delivery-modes-languages-instruction\/#primaryimage","url":"https:\/\/www.fsa.ulaval.ca\/wp-content\/uploads\/2025\/07\/Formule-langue-distance-asynchrone.svg","contentUrl":"https:\/\/www.fsa.ulaval.ca\/wp-content\/uploads\/2025\/07\/Formule-langue-distance-asynchrone.svg"},{"@type":"BreadcrumbList","@id":"https:\/\/www.fsa.ulaval.ca\/en\/academics\/delivery-modes-languages-instruction\/#breadcrumb","itemListElement":[{"@type":"ListItem","position":1,"name":"Accueil","item":"https:\/\/www.fsa.ulaval.ca\/en\/"},{"@type":"ListItem","position":2,"name":"Academics","item":"https:\/\/www.fsa.ulaval.ca\/en\/academics\/"},{"@type":"ListItem","position":3,"name":"Delivery Modes and Languages of Instruction"}]},{"@type":"WebSite","@id":"https:\/\/www.fsa.ulaval.ca\/en\/#website","url":"https:\/\/www.fsa.ulaval.ca\/en\/","name":"FSA ULaval","description":"FSA ULaval","publisher":{"@id":"https:\/\/www.fsa.ulaval.ca\/en\/#organization"},"potentialAction":[{"@type":"SearchAction","target":{"@type":"EntryPoint","urlTemplate":"https:\/\/www.fsa.ulaval.ca\/en\/?s={search_term_string}"},"query-input":{"@type":"PropertyValueSpecification","valueRequired":true,"valueName":"search_term_string"}}],"inLanguage":"en-US"},{"@type":"Organization","@id":"https:\/\/www.fsa.ulaval.ca\/en\/#organization","name":"FSA ULaval","alternateName":"FSA ULaval","url":"https:\/\/www.fsa.ulaval.ca\/en\/","logo":{"@type":"ImageObject","inLanguage":"en-US","@id":"https:\/\/www.fsa.ulaval.ca\/en\/#\/schema\/logo\/image\/","url":"https:\/\/www.fsa.ulaval.ca\/wp-content\/uploads\/2023\/03\/logo_facultaire.jpg","contentUrl":"https:\/\/www.fsa.ulaval.ca\/wp-content\/uploads\/2023\/03\/logo_facultaire.jpg","width":200,"height":200,"caption":"FSA ULaval"},"image":{"@id":"https:\/\/www.fsa.ulaval.ca\/en\/#\/schema\/logo\/image\/"},"sameAs":["https:\/\/www.facebook.com\/fsaulaval","https:\/\/x.com\/fsaulaval","https:\/\/ca.linkedin.com\/company\/fsaulaval","https:\/\/www.instagram.com\/fsaulaval\/"]}]}},"_links":{"self":[{"href":"https:\/\/www.fsa.ulaval.ca\/en\/wp-json\/wp\/v2\/pages\/6866","targetHints":{"allow":["GET"]}}],"collection":[{"href":"https:\/\/www.fsa.ulaval.ca\/en\/wp-json\/wp\/v2\/pages"}],"about":[{"href":"https:\/\/www.fsa.ulaval.ca\/en\/wp-json\/wp\/v2\/types\/page"}],"author":[{"embeddable":true,"href":"https:\/\/www.fsa.ulaval.ca\/en\/wp-json\/wp\/v2\/users\/5"}],"replies":[{"embeddable":true,"href":"https:\/\/www.fsa.ulaval.ca\/en\/wp-json\/wp\/v2\/comments?post=6866"}],"version-history":[{"count":8,"href":"https:\/\/www.fsa.ulaval.ca\/en\/wp-json\/wp\/v2\/pages\/6866\/revisions"}],"predecessor-version":[{"id":37815,"href":"https:\/\/www.fsa.ulaval.ca\/en\/wp-json\/wp\/v2\/pages\/6866\/revisions\/37815"}],"up":[{"embeddable":true,"href":"https:\/\/www.fsa.ulaval.ca\/en\/wp-json\/wp\/v2\/pages\/6738"}],"wp:attachment":[{"href":"https:\/\/www.fsa.ulaval.ca\/en\/wp-json\/wp\/v2\/media?parent=6866"}],"curies":[{"name":"wp","href":"https:\/\/api.w.org\/{rel}","templated":true}]}}