{"id":7992,"date":"2022-11-21T10:50:18","date_gmt":"2022-11-21T15:50:18","guid":{"rendered":"https:\/\/www.fsa.ulaval.ca\/?page_id=7992"},"modified":"2025-06-10T08:32:36","modified_gmt":"2025-06-10T12:32:36","slug":"monportail","status":"publish","type":"page","link":"https:\/\/www.fsa.ulaval.ca\/en\/faculty\/services\/techno\/how-tos-tips\/monportail\/","title":{"rendered":"monPortail"},"content":{"rendered":"\n<div class=\"wp-block-columns is-layout-flex wp-container-core-columns-is-layout-9d6595d7 wp-block-columns-is-layout-flex\">\n<div class=\"wp-block-column is-layout-flow wp-block-column-is-layout-flow\">\n<h2 class=\"wp-block-heading\" id=\"h-monportail-your-digital-academic-environment\">monPortail: your digital academic environment<\/h2>\n<\/div>\n\n\n\n<div class=\"wp-block-column is-style-column-frame-red is-layout-flow wp-block-column-is-layout-flow\">\n<h3 class=\"wp-block-heading\" id=\"h-good-to-know\">Good to know<\/h3>\n\n\n\n<p>To help protect your information, multifactor authentication is required to access the various Universit\u00e9 Laval applications and systems. For more information, refer to the&nbsp;<a href=\"https:\/\/www.fsa.ulaval.ca\/en\/faculty\/services\/techno\/how-tos-tips\/multifactor-authentication\/\">Multifactor Authentication (MFA) page<\/a>&nbsp;in the How-Tos &amp; Tips section for the step-by-step configuration process.<\/p>\n<\/div>\n<\/div>\n\n\n\n<p>Universit\u00e9 Laval has created a digital environment for students called <a href=\"https:\/\/monPortail.ulaval.ca\" target=\"_blank\" rel=\"noreferrer noopener\">monPortail<\/a>, which provides centralized access to various academic- and learning-related services and information.<\/p>\n\n\n\n<p>Among other things, this platform gives you access:<\/p>\n\n\n\n<ul class=\"wp-block-list\">\n<li>course websites<\/li>\n\n\n\n<li>various official documents and online services such as ID cards, enrolment attestations, OPUS public transit cards, self-serve printing, etc.<\/li>\n\n\n\n<li>communcation and planning tools<\/li>\n\n\n\n<li>important messages related to your studies<\/li>\n<\/ul>\n\n\n\n<p>More specifically, your <strong>course websites<\/strong> allow you to carry out the following actions for both distance learning and in-person courses:<\/p>\n\n\n\n<ul class=\"wp-block-list\">\n<li>access documents provided by your teacher<\/li>\n\n\n\n<li>participate in discussion forums with your classroom colleagues and your teacher<\/li>\n\n\n\n<li>communicate with your classroom colleagues and your teacher via private messaging<\/li>\n\n\n\n<li>do evaluations<\/li>\n\n\n\n<li>submit assignments to your teacher<\/li>\n<\/ul>\n\n\n\n<div class=\"wp-block-group is-style-group-notif-red is-layout-flow wp-block-group-is-layout-flow\">\n<p>To access all the features of monPortail:<\/p>\n\n\n\n<ol class=\"wp-block-list\">\n<li>Go to <a href=\"https:\/\/monPortail.ulaval.ca\" target=\"_blank\" rel=\"noreferrer noopener\">https:\/\/monPortail.ulaval.ca<\/a><\/li>\n\n\n\n<li>Sign in:\n<ul class=\"wp-block-list\">\n<li>User name: IDUL@ulaval.ca<\/li>\n\n\n\n<li>Password: PIN<\/li>\n<\/ul>\n<\/li>\n\n\n\n<li>Validate your identity for MFA<\/li>\n<\/ol>\n<\/div>\n\n\n\n<div class=\"wp-block-group alignfull has-lightgrey-background-color has-background is-layout-constrained wp-block-group-is-layout-constrained\">\n<div class=\"wp-block-group is-layout-flow wp-block-group-is-layout-flow\">\n<div class=\"wp-block-columns is-layout-flex wp-container-core-columns-is-layout-9d6595d7 wp-block-columns-is-layout-flex\">\n<div class=\"wp-block-column is-layout-flow wp-block-column-is-layout-flow\">\n<h3 class=\"wp-block-heading is-style-fake-h2\" id=\"h-contact-the-tech-pros\">Contact the<br><mark style=\"background-color:#000000\" class=\"has-inline-color has-white-color\">tech pros!<\/mark><\/h3>\n<\/div>\n\n\n\n<div class=\"wp-block-column is-layout-flow wp-block-column-is-layout-flow\">\n<p><strong>APTI Help Desk &#8211; Comptoir d&#8217;aide APTI (CAA)<\/strong><br>418 656-6258<br> 1 844-656-6258 (Canada and United-States toll-free)<br>Palasis-Prince pavilion, Office 2215<\/p>\n\n\n\n<p><a href=\"mailto:caa@fsa.ulaval.ca\">caa@fsa.ulaval.ca<\/a><br><\/p>\n<\/div>\n\n\n\n<div class=\"wp-block-column is-layout-flow wp-block-column-is-layout-flow\">\n<p><strong>Business Hours<\/strong><\/p>\n\n\n\n<p><strong>May<\/strong> <strong>4 to July 19, 2026<\/strong><\/p>\n\n\n\n<p>Monday to Thursday | 8:15 a.m. to 7:00 p.m.<br>Friday | 8:15 a.m. to 4:00 p.m.<br>Saturday and Sunday\u00a0| Closed<\/p>\n\n\n\n<p><strong>July<\/strong> <strong>20 to 30 August, 2026<\/strong><\/p>\n\n\n\n<p>Monday to Friday| 8:15 a.m. to 4:00 p.m.<br>Saturday and Sunday\u00a0| Closed<\/p>\n\n\n\n<div class=\"wp-block-buttons is-layout-flex wp-block-buttons-is-layout-flex\">\n<div class=\"wp-block-button is-style-button-small-arrow\"><a class=\"wp-block-button__link has-yellow-background-color has-background wp-element-button\" href=\"#job\">Student Jobs (infos in French only)<\/a><\/div>\n<\/div>\n<\/div>\n<\/div>\n\n\n\n<dialog class=\"wp-block-baseul-block-dialog\" id=\"modal\" aria-labelledby=\"dialog_modal_label\"><button type=\"button\" class=\"close-dialog-btn corner-close\"><span class=\"screen-reader-text\">Close Window<\/span><\/button><h2 class=\"is-style-fake-h3\" id=\"dialog_modal_label\">Horaire normal<\/h2>\n<p><strong>Monday to&nbsp;<strong>Thursday&nbsp;<\/strong>|&nbsp;<\/strong>8:15 a.m. to 9:30 p.m.<br><strong>Friday&nbsp;<\/strong>| 8:15 a.m. to 7:00 p.m.<br><strong>Saturday<\/strong>&nbsp;| 9:00 a.m. to 4:00 p.m.<br><strong>Sunday<\/strong>&nbsp;| Closed<\/p>\n<button type=\"button\" class=\"close-dialog-btn bottom-close\">Close Window<\/button><\/dialog>\n<\/div>\n\n\n\n<dialog class=\"wp-block-baseul-block-dialog\" id=\"job\" aria-labelledby=\"dialog_job_label\"><button type=\"button\" class=\"close-dialog-btn corner-close\"><span class=\"screen-reader-text\">Close Window<\/span><\/button><h2 class=\"is-style-fake-h3\" id=\"dialog_job_label\">Deviens assistante ou assistant au Comptoir d&#8217;aide APTI de la Facult\u00e9!<\/h2>\n<div class=\"wp-block-columns is-layout-flex wp-container-core-columns-is-layout-9d6595d7 wp-block-columns-is-layout-flex\">\n<div class=\"wp-block-column is-layout-flow wp-block-column-is-layout-flow\">\n<h4 class=\"wp-block-heading\" id=\"h-description\">Description<\/h4>\n\n\n\n<p>Le Comptoir d\u2019aide APTI (CAA) offre une gamme compl\u00e8te de services en lien avec l&#8217;utilisation des technologies \u00e0 la Facult\u00e9 des sciences de l&#8217;administration. Le CAA est \u00e0 la recherche d&#8217;assistantes et d&#8217;assistants pour compl\u00e9ter son \u00e9quipe.<\/p>\n\n\n\n<div class=\"wp-block-buttons is-vertical is-layout-flex wp-container-core-buttons-is-layout-8cf370e7 wp-block-buttons-is-layout-flex\">\n<div class=\"wp-block-button is-style-button-small-arrow\"><a class=\"wp-block-button__link has-white-background-color has-background wp-element-button\">Consulte l&#8217;offre compl\u00e8te<\/a><\/div>\n\n\n\n<div class=\"wp-block-button\"><a class=\"wp-block-button__link wp-element-button\">Pose ta candidature<\/a><\/div>\n<\/div>\n\n\n\n<h4 class=\"wp-block-heading\" id=\"h-taches\">T\u00e2ches<\/h4>\n\n\n\n<ul class=\"wp-block-list\">\n<li>Fournir une aide de base \u00e0 l&#8217;utilisation d&#8217;applications informatiques, dont les plus g\u00e9n\u00e9ralement utilis\u00e9es (Office, Capsule, Exchange, monPortail, etc.)<\/li>\n\n\n\n<li>Effectuer le pr\u00eat de mat\u00e9riel audiovisuel et informatique aupr\u00e8s de la client\u00e8le<\/li>\n\n\n\n<li>R\u00e9pondre aux \u00e9tudiants au comptoir lorsque le probl\u00e8me est simple et document\u00e9<\/li>\n\n\n\n<li>Fournir une aide de base dans les salles de classe avec les outils de pr\u00e9sentation<\/li>\n\n\n\n<li>Fournir une aide \u00e0 la pr\u00e9paration du mat\u00e9riel de pr\u00eat pour les activit\u00e9s des associations \u00e9tudiantes<\/li>\n<\/ul>\n\n\n\n<h4 class=\"wp-block-heading\" id=\"h-profil-recherche\">Profil recherch\u00e9<\/h4>\n\n\n\n<ul class=\"wp-block-list\">\n<li>L\u2019\u00e9tudiant doit \u00eatre inscrit \u00e0 temps complet (12 cr\u00e9dits min.) pour la session en cours.<\/li>\n\n\n\n<li>Ma\u00eetrise des environnements PC et Mac<\/li>\n\n\n\n<li>Bonne connaissance des applications informatiques, dont Office, Capsule, Exchange, monPortail, etc.<\/li>\n\n\n\n<li>Aptitude et exp\u00e9rience en service \u00e0 la client\u00e8le<\/li>\n\n\n\n<li>Aisance avec les technologies de l&#8217;information<\/li>\n\n\n\n<li>Souci du d\u00e9tail et du travail bien accompli<\/li>\n\n\n\n<li>Proactivit\u00e9, autonomie et rigueur<\/li>\n\n\n\n<li>Aptitudes \u00e0 effectuer plusieurs t\u00e2ches \u00e0 la fois<\/li>\n\n\n\n<li>Aptitudes \u00e0 m\u00e9moriser rapidement<\/li>\n\n\n\n<li>Ponctualit\u00e9 et assiduit\u00e9<\/li>\n<\/ul>\n<\/div>\n\n\n\n<div class=\"wp-block-column is-layout-flow wp-block-column-is-layout-flow\">\n<figure class=\"wp-block-image size-full is-resized\"><img loading=\"lazy\" decoding=\"async\" width=\"576\" height=\"1024\" src=\"https:\/\/www.fsa.ulaval.ca\/wp-content\/uploads\/2022\/11\/apti-fille-techno-1920-1080px-576x1024-1.jpg\" alt=\"\" class=\"wp-image-3322\" style=\"width:311px;height:553px\" srcset=\"https:\/\/www.fsa.ulaval.ca\/wp-content\/uploads\/2022\/11\/apti-fille-techno-1920-1080px-576x1024-1.jpg 576w, https:\/\/www.fsa.ulaval.ca\/wp-content\/uploads\/2022\/11\/apti-fille-techno-1920-1080px-576x1024-1-169x300.jpg 169w\" sizes=\"auto, (max-width: 576px) 100vw, 576px\" \/><\/figure>\n\n\n\n<p><strong>Quelques t\u00e9moignages<\/strong><\/p>\n\n\n\n<p>\u00abJe me trouve vraiment chanceuse d&#8217;avoir trouv\u00e9 un emploi \u00e9tudiant comme \u00e7a! C&#8217;est l&#8217;fun, c&#8217;est bien int\u00e9gr\u00e9 \u00e0 notre horaire de cours et c&#8217;est bien pay\u00e9! Pour moi, c&#8217;est id\u00e9al pendant les \u00e9tudes!\u00bb<br><strong>Marianne R.<\/strong><\/p>\n\n\n\n<p>\u00abL\u2019environnement de travail est vraiment \u00e9panouissant! D\u00e8s le jour 1, on se sent bien entour\u00e9 et guid\u00e9!\u00bb<br><strong>R\u00e9da B.<\/strong><\/p>\n\n\n\n<p>\u00ab\u00c9quipe proactive, flexible et multidisciplinaire. Satisfaction d\u2019aider des \u00e9tudiants et de m\u2019impliquer activement au sein de ma facult\u00e9.\u00bb<br><strong>Jason L.-G.<\/strong><\/p>\n<\/div>\n<\/div>\n<button type=\"button\" class=\"close-dialog-btn bottom-close\">Close Window<\/button><\/dialog>\n<\/div>\n","protected":false},"excerpt":{"rendered":"<p>monPortail: your digital academic environment Good to know To help protect your information, multifactor authentication is required to access the various Universit\u00e9 Laval applications and systems. For more information, refer to the&nbsp;Multifactor Authentication (MFA) page&nbsp;in the How-Tos &amp; Tips section for the step-by-step configuration process. Universit\u00e9 Laval has created a digital environment for students called [&hellip;]<\/p>\n","protected":false},"author":5,"featured_media":0,"parent":7933,"menu_order":0,"comment_status":"closed","ping_status":"closed","template":"","meta":{"_acf_changed":false,"featured_image_focal_point":[],"footnotes":""},"class_list":["post-7992","page","type-page","status-publish","hentry"],"acf":[],"yoast_head":"<title>monPortail - FSA - Universit\u00e9 Laval<\/title>\r\n<meta name=\"description\" content=\"Discover monPortail, a digital environment that centralizes services and information related to studies and learning.\" \/>\r\n<meta name=\"robots\" content=\"index, follow, max-snippet:-1, max-image-preview:large, max-video-preview:-1\" \/>\r\n<link rel=\"canonical\" href=\"https:\/\/www.fsa.ulaval.ca\/en\/faculty\/services\/techno\/how-tos-tips\/monportail\/\" \/>\r\n<meta property=\"og:locale\" content=\"en_US\" \/>\r\n<meta property=\"og:type\" content=\"article\" \/>\r\n<meta property=\"og:title\" content=\"monPortail (APTI Help Desk) - FSA - Universit\u00e9 Laval\" \/>\r\n<meta property=\"og:description\" content=\"Discover monPortail, a digital environment that centralizes services and information related to studies and learning.\" \/>\r\n<meta property=\"og:url\" content=\"https:\/\/www.fsa.ulaval.ca\/en\/faculty\/services\/techno\/how-tos-tips\/monportail\/\" \/>\r\n<meta property=\"og:site_name\" content=\"FSA ULaval\" \/>\r\n<meta property=\"article:publisher\" content=\"https:\/\/www.facebook.com\/fsaulaval\" \/>\r\n<meta property=\"article:modified_time\" content=\"2025-06-10T12:32:36+00:00\" \/>\r\n<meta property=\"og:image\" content=\"https:\/\/www.fsa.ulaval.ca\/wp-content\/uploads\/2023\/03\/fsa-ulaval-4-rs.jpg\" \/>\r\n\t<meta property=\"og:image:width\" content=\"1200\" \/>\r\n\t<meta property=\"og:image:height\" content=\"630\" \/>\r\n\t<meta property=\"og:image:type\" content=\"image\/jpeg\" \/>\r\n<meta name=\"twitter:card\" content=\"summary_large_image\" \/>\r\n<meta name=\"twitter:title\" content=\"monPortail (APTI Help Desk) - FSA - Universit\u00e9 Laval\" \/>\r\n<meta name=\"twitter:description\" content=\"Discover monPortail, a digital environment that centralizes services and information related to studies and learning.\" \/>\r\n<meta name=\"twitter:site\" content=\"@fsaulaval\" \/>\r\n<meta name=\"twitter:label1\" content=\"Est. reading time\" \/>\n\t<meta name=\"twitter:data1\" content=\"2 minutes\" \/>\r\n<script type=\"application\/ld+json\" class=\"yoast-schema-graph\">{\"@context\":\"https:\/\/schema.org\",\"@graph\":[{\"@type\":\"WebPage\",\"@id\":\"https:\/\/www.fsa.ulaval.ca\/en\/faculty\/services\/techno\/how-tos-tips\/monportail\/\",\"url\":\"https:\/\/www.fsa.ulaval.ca\/en\/faculty\/services\/techno\/how-tos-tips\/monportail\/\",\"name\":\"monPortail - FSA - Universit\u00e9 Laval\",\"isPartOf\":{\"@id\":\"https:\/\/www.fsa.ulaval.ca\/en\/#website\"},\"datePublished\":\"2022-11-21T15:50:18+00:00\",\"dateModified\":\"2025-06-10T12:32:36+00:00\",\"description\":\"Discover monPortail, a digital environment that centralizes services and information related to studies and learning.\",\"breadcrumb\":{\"@id\":\"https:\/\/www.fsa.ulaval.ca\/en\/faculty\/services\/techno\/how-tos-tips\/monportail\/#breadcrumb\"},\"inLanguage\":\"en-US\",\"potentialAction\":[{\"@type\":\"ReadAction\",\"target\":[\"https:\/\/www.fsa.ulaval.ca\/en\/faculty\/services\/techno\/how-tos-tips\/monportail\/\"]}]},{\"@type\":\"BreadcrumbList\",\"@id\":\"https:\/\/www.fsa.ulaval.ca\/en\/faculty\/services\/techno\/how-tos-tips\/monportail\/#breadcrumb\",\"itemListElement\":[{\"@type\":\"ListItem\",\"position\":1,\"name\":\"Accueil\",\"item\":\"https:\/\/www.fsa.ulaval.ca\/en\/\"},{\"@type\":\"ListItem\",\"position\":2,\"name\":\"About Us\",\"item\":\"https:\/\/www.fsa.ulaval.ca\/en\/faculty\/\"},{\"@type\":\"ListItem\",\"position\":3,\"name\":\"Services\",\"item\":\"https:\/\/www.fsa.ulaval.ca\/en\/faculty\/services\/\"},{\"@type\":\"ListItem\",\"position\":4,\"name\":\"Techno\",\"item\":\"https:\/\/www.fsa.ulaval.ca\/en\/faculty\/services\/techno\/\"},{\"@type\":\"ListItem\",\"position\":5,\"name\":\"How-Tos &#038; Tips\",\"item\":\"https:\/\/www.fsa.ulaval.ca\/en\/faculty\/services\/techno\/how-tos-tips\/\"},{\"@type\":\"ListItem\",\"position\":6,\"name\":\"monPortail\"}]},{\"@type\":\"WebSite\",\"@id\":\"https:\/\/www.fsa.ulaval.ca\/en\/#website\",\"url\":\"https:\/\/www.fsa.ulaval.ca\/en\/\",\"name\":\"FSA ULaval\",\"description\":\"FSA ULaval\",\"publisher\":{\"@id\":\"https:\/\/www.fsa.ulaval.ca\/en\/#organization\"},\"potentialAction\":[{\"@type\":\"SearchAction\",\"target\":{\"@type\":\"EntryPoint\",\"urlTemplate\":\"https:\/\/www.fsa.ulaval.ca\/en\/?s={search_term_string}\"},\"query-input\":{\"@type\":\"PropertyValueSpecification\",\"valueRequired\":true,\"valueName\":\"search_term_string\"}}],\"inLanguage\":\"en-US\"},{\"@type\":\"Organization\",\"@id\":\"https:\/\/www.fsa.ulaval.ca\/en\/#organization\",\"name\":\"FSA ULaval\",\"alternateName\":\"FSA ULaval\",\"url\":\"https:\/\/www.fsa.ulaval.ca\/en\/\",\"logo\":{\"@type\":\"ImageObject\",\"inLanguage\":\"en-US\",\"@id\":\"https:\/\/www.fsa.ulaval.ca\/en\/#\/schema\/logo\/image\/\",\"url\":\"https:\/\/www.fsa.ulaval.ca\/wp-content\/uploads\/2023\/03\/logo_facultaire.jpg\",\"contentUrl\":\"https:\/\/www.fsa.ulaval.ca\/wp-content\/uploads\/2023\/03\/logo_facultaire.jpg\",\"width\":200,\"height\":200,\"caption\":\"FSA ULaval\"},\"image\":{\"@id\":\"https:\/\/www.fsa.ulaval.ca\/en\/#\/schema\/logo\/image\/\"},\"sameAs\":[\"https:\/\/www.facebook.com\/fsaulaval\",\"https:\/\/x.com\/fsaulaval\",\"https:\/\/ca.linkedin.com\/company\/fsaulaval\",\"https:\/\/www.instagram.com\/fsaulaval\/\"]}]}<\/script>","yoast_head_json":{"title":"monPortail - FSA - Universit\u00e9 Laval","description":"Discover monPortail, a digital environment that centralizes services and information related to studies and learning.","robots":{"index":"index","follow":"follow","max-snippet":"max-snippet:-1","max-image-preview":"max-image-preview:large","max-video-preview":"max-video-preview:-1"},"canonical":"https:\/\/www.fsa.ulaval.ca\/en\/faculty\/services\/techno\/how-tos-tips\/monportail\/","og_locale":"en_US","og_type":"article","og_title":"monPortail (APTI Help Desk) - FSA - Universit\u00e9 Laval","og_description":"Discover monPortail, a digital environment that centralizes services and information related to studies and learning.","og_url":"https:\/\/www.fsa.ulaval.ca\/en\/faculty\/services\/techno\/how-tos-tips\/monportail\/","og_site_name":"FSA ULaval","article_publisher":"https:\/\/www.facebook.com\/fsaulaval","article_modified_time":"2025-06-10T12:32:36+00:00","og_image":[{"width":1200,"height":630,"url":"https:\/\/www.fsa.ulaval.ca\/wp-content\/uploads\/2023\/03\/fsa-ulaval-4-rs.jpg","type":"image\/jpeg"}],"twitter_card":"summary_large_image","twitter_title":"monPortail (APTI Help Desk) - FSA - Universit\u00e9 Laval","twitter_description":"Discover monPortail, a digital environment that centralizes services and information related to studies and learning.","twitter_site":"@fsaulaval","twitter_misc":{"Est. reading time":"2 minutes"},"schema":{"@context":"https:\/\/schema.org","@graph":[{"@type":"WebPage","@id":"https:\/\/www.fsa.ulaval.ca\/en\/faculty\/services\/techno\/how-tos-tips\/monportail\/","url":"https:\/\/www.fsa.ulaval.ca\/en\/faculty\/services\/techno\/how-tos-tips\/monportail\/","name":"monPortail - FSA - Universit\u00e9 Laval","isPartOf":{"@id":"https:\/\/www.fsa.ulaval.ca\/en\/#website"},"datePublished":"2022-11-21T15:50:18+00:00","dateModified":"2025-06-10T12:32:36+00:00","description":"Discover monPortail, a digital environment that centralizes services and information related to studies and learning.","breadcrumb":{"@id":"https:\/\/www.fsa.ulaval.ca\/en\/faculty\/services\/techno\/how-tos-tips\/monportail\/#breadcrumb"},"inLanguage":"en-US","potentialAction":[{"@type":"ReadAction","target":["https:\/\/www.fsa.ulaval.ca\/en\/faculty\/services\/techno\/how-tos-tips\/monportail\/"]}]},{"@type":"BreadcrumbList","@id":"https:\/\/www.fsa.ulaval.ca\/en\/faculty\/services\/techno\/how-tos-tips\/monportail\/#breadcrumb","itemListElement":[{"@type":"ListItem","position":1,"name":"Accueil","item":"https:\/\/www.fsa.ulaval.ca\/en\/"},{"@type":"ListItem","position":2,"name":"About Us","item":"https:\/\/www.fsa.ulaval.ca\/en\/faculty\/"},{"@type":"ListItem","position":3,"name":"Services","item":"https:\/\/www.fsa.ulaval.ca\/en\/faculty\/services\/"},{"@type":"ListItem","position":4,"name":"Techno","item":"https:\/\/www.fsa.ulaval.ca\/en\/faculty\/services\/techno\/"},{"@type":"ListItem","position":5,"name":"How-Tos &#038; Tips","item":"https:\/\/www.fsa.ulaval.ca\/en\/faculty\/services\/techno\/how-tos-tips\/"},{"@type":"ListItem","position":6,"name":"monPortail"}]},{"@type":"WebSite","@id":"https:\/\/www.fsa.ulaval.ca\/en\/#website","url":"https:\/\/www.fsa.ulaval.ca\/en\/","name":"FSA ULaval","description":"FSA ULaval","publisher":{"@id":"https:\/\/www.fsa.ulaval.ca\/en\/#organization"},"potentialAction":[{"@type":"SearchAction","target":{"@type":"EntryPoint","urlTemplate":"https:\/\/www.fsa.ulaval.ca\/en\/?s={search_term_string}"},"query-input":{"@type":"PropertyValueSpecification","valueRequired":true,"valueName":"search_term_string"}}],"inLanguage":"en-US"},{"@type":"Organization","@id":"https:\/\/www.fsa.ulaval.ca\/en\/#organization","name":"FSA ULaval","alternateName":"FSA ULaval","url":"https:\/\/www.fsa.ulaval.ca\/en\/","logo":{"@type":"ImageObject","inLanguage":"en-US","@id":"https:\/\/www.fsa.ulaval.ca\/en\/#\/schema\/logo\/image\/","url":"https:\/\/www.fsa.ulaval.ca\/wp-content\/uploads\/2023\/03\/logo_facultaire.jpg","contentUrl":"https:\/\/www.fsa.ulaval.ca\/wp-content\/uploads\/2023\/03\/logo_facultaire.jpg","width":200,"height":200,"caption":"FSA ULaval"},"image":{"@id":"https:\/\/www.fsa.ulaval.ca\/en\/#\/schema\/logo\/image\/"},"sameAs":["https:\/\/www.facebook.com\/fsaulaval","https:\/\/x.com\/fsaulaval","https:\/\/ca.linkedin.com\/company\/fsaulaval","https:\/\/www.instagram.com\/fsaulaval\/"]}]}},"_links":{"self":[{"href":"https:\/\/www.fsa.ulaval.ca\/en\/wp-json\/wp\/v2\/pages\/7992","targetHints":{"allow":["GET"]}}],"collection":[{"href":"https:\/\/www.fsa.ulaval.ca\/en\/wp-json\/wp\/v2\/pages"}],"about":[{"href":"https:\/\/www.fsa.ulaval.ca\/en\/wp-json\/wp\/v2\/types\/page"}],"author":[{"embeddable":true,"href":"https:\/\/www.fsa.ulaval.ca\/en\/wp-json\/wp\/v2\/users\/5"}],"replies":[{"embeddable":true,"href":"https:\/\/www.fsa.ulaval.ca\/en\/wp-json\/wp\/v2\/comments?post=7992"}],"version-history":[{"count":5,"href":"https:\/\/www.fsa.ulaval.ca\/en\/wp-json\/wp\/v2\/pages\/7992\/revisions"}],"predecessor-version":[{"id":36721,"href":"https:\/\/www.fsa.ulaval.ca\/en\/wp-json\/wp\/v2\/pages\/7992\/revisions\/36721"}],"up":[{"embeddable":true,"href":"https:\/\/www.fsa.ulaval.ca\/en\/wp-json\/wp\/v2\/pages\/7933"}],"wp:attachment":[{"href":"https:\/\/www.fsa.ulaval.ca\/en\/wp-json\/wp\/v2\/media?parent=7992"}],"curies":[{"name":"wp","href":"https:\/\/api.w.org\/{rel}","templated":true}]}}