{"id":7997,"date":"2022-11-21T11:05:27","date_gmt":"2022-11-21T16:05:27","guid":{"rendered":"https:\/\/www.fsa.ulaval.ca\/?page_id=7997"},"modified":"2026-03-18T09:58:14","modified_gmt":"2026-03-18T13:58:14","slug":"printing-photocopying-scanning","status":"publish","type":"page","link":"https:\/\/www.fsa.ulaval.ca\/en\/faculty\/services\/techno\/how-tos-tips\/printing-photocopying-scanning\/","title":{"rendered":"Self-Serve Printing Service"},"content":{"rendered":"\n<div class=\"wp-block-columns is-layout-flex wp-container-core-columns-is-layout-9d6595d7 wp-block-columns-is-layout-flex\">\n<div class=\"wp-block-column is-layout-flow wp-block-column-is-layout-flow\" style=\"flex-basis:50%\">\n<h2 class=\"wp-block-heading\" id=\"h-available-everywhere-on-campus\">Available everywhere<br><mark style=\"background-color:#E30519\" class=\"has-inline-color has-white-color\">on campus<\/mark><\/h2>\n\n\n\n<h3 class=\"wp-block-heading\" id=\"h-3-steps-to-follow\">3 steps to follow<\/h3>\n\n\n\n<ol class=\"wp-block-list\">\n<li>Create an account<\/li>\n\n\n\n<li>Purchase print credits<\/li>\n\n\n\n<li>Print, scan and photocopy<\/li>\n<\/ol>\n\n\n\n<p><strong>To access the service:<\/strong><\/p>\n\n\n\n<p>monPortail, section titled <strong>Syst\u00e8me d&#8217;impression libre-service<\/strong>* (in French only)<br>*Sign in with your <strong>IDUL<\/strong> and your <strong>PIN<\/strong><\/p>\n<\/div>\n\n\n\n<div class=\"wp-block-column is-style-column-frame-red is-layout-flow wp-block-column-is-layout-flow\" style=\"flex-basis:50%\">\n<h3 class=\"wp-block-heading\" id=\"h-good-to-know\">Good to know<\/h3>\n\n\n\n<ul class=\"wp-block-list\">\n<li>To use the printing service, you must convert your documents to PDF or image (JPEG, PNG, BMP) format.<\/li>\n\n\n\n<li>The Service de reprographie provides you with <a href=\"https:\/\/www.srep.ulaval.ca\/reprographie-et-graphisme\" target=\"_blank\" rel=\"noreferrer noopener\">useful information<\/a> (in French only) about the printing and photocopying services offered on campus.<\/li>\n<\/ul>\n<\/div>\n<\/div>\n\n\n\n<div class=\"wp-block-group alignfull has-lightgrey-background-color has-background is-layout-constrained wp-block-group-is-layout-constrained\">\n<h3 class=\"wp-block-heading\" id=\"h-at-pavillon-palasis-prince\">At pavillon Palasis-Prince<\/h3>\n\n\n\n<h4 class=\"wp-block-heading\" id=\"h-where-to-print-in-the-building\">Where to print in the building<\/h4>\n\n\n\n<p><strong>At level 0, Terrasse FI\u00c9SA<\/strong><\/p>\n\n\n\n<ul class=\"wp-block-list\">\n<li>1 black-and-white multifunction device<\/li>\n\n\n\n<li>1 colour multifunction device<\/li>\n<\/ul>\n\n\n\n<p><strong>At level 2, room 2224-PAP<\/strong><\/p>\n\n\n\n<ul class=\"wp-block-list\">\n<li>1 black-and-white multifunction device<\/li>\n<\/ul>\n\n\n\n<h4 class=\"wp-block-heading\" id=\"h-free-complementary-services\">Free complementary services<\/h4>\n\n\n\n<div class=\"wp-block-group is-style-group-notif-grey is-layout-flow wp-block-group-is-layout-flow\">\n<p>These free complementary services are made available through a partnership between FSA ULaval and the Fonds d&#8217;investissement des \u00e9tudiants en sciences de l&#8217;administration de l&#8217;Universit\u00e9 Laval (FI\u00c9SA).<\/p>\n<\/div>\n\n\n\n<p><strong>Near the multifunction devices at FSA ULaval, you will find the following equipment free of charge:<\/strong><\/p>\n\n\n\n<ul class=\"wp-block-list\">\n<li>free scanner (PAP-2224 only)<\/li>\n\n\n\n<li>stapler (2 to 90 pages)<\/li>\n\n\n\n<li>3-hole punch<\/li>\n\n\n\n<li>Self-serve stations to convert your documents into PDFs and print<\/li>\n<\/ul>\n<\/div>\n\n\n\n<div class=\"wp-block-group alignfull is-layout-constrained wp-block-group-is-layout-constrained\">\n<h3 class=\"wp-block-heading\" id=\"h-helpful-tip\">Helpful tip<\/h3>\n\n\n\n<div class=\"wp-block-columns is-layout-flex wp-container-core-columns-is-layout-9d6595d7 wp-block-columns-is-layout-flex\">\n<div class=\"wp-block-column is-style-column-frame-red is-layout-flow wp-block-column-is-layout-flow\">\n<h4 class=\"wp-block-heading\" id=\"h-converting-a-document-to-pdf\">Converting a document to PDF<\/h4>\n\n\n\n<p>To use the Service de reprographie\u2019s printing service, you must convert your documents to PDF format.<\/p>\n\n\n\n<p><strong>To convert an Office Suite document to PDF without altering the page setup<\/strong><\/p>\n\n\n\n<ul class=\"wp-block-list\">\n<li>From the File menu, select <strong>Save as<\/strong><\/li>\n\n\n\n<li>Click on <strong>Browse<\/strong> to select where the document will be saved<\/li>\n\n\n\n<li>In the window, select <strong>PDF<\/strong> (*.pdf) in the Save as type option<\/li>\n\n\n\n<li>Click on <strong>Save<\/strong><\/li>\n<\/ul>\n\n\n\n<p><strong>In PowerPoint, you can change the publication options (e.g. 3 slides per page).<\/strong><\/p>\n\n\n\n<div class=\"wp-block-columns is-layout-flex wp-container-core-columns-is-layout-9d6595d7 wp-block-columns-is-layout-flex\">\n<div class=\"wp-block-column is-layout-flow wp-block-column-is-layout-flow\">\n<p><strong>Windows<\/strong><\/p>\n\n\n\n<ol class=\"wp-block-list\">\n<li>From the File menu, select <strong>Save as<\/strong><\/li>\n\n\n\n<li>Click on <strong>Browse<\/strong> to select where the document will be saved<\/li>\n\n\n\n<li>In the window, select <strong>PDF<\/strong> (*.pdf) in the Save as type option<\/li>\n\n\n\n<li>Click on <strong>Options<\/strong>\u2026 In the window, in the publication options, select Handouts from the drop-down menu. You can then change the publication options and click on <strong>OK<\/strong><\/li>\n\n\n\n<li>Click on <strong>Save<\/strong><\/li>\n<\/ol>\n<\/div>\n\n\n\n<div class=\"wp-block-column is-layout-flow wp-block-column-is-layout-flow\">\n<p><strong>Mac OS<\/strong><\/p>\n\n\n\n<ul class=\"wp-block-list\">\n<li>From the <strong>File<\/strong> menu, select <strong>Print<\/strong><\/li>\n\n\n\n<li>In the lower left corner of the window, click on <strong>PDF<\/strong>, then select <strong>Save as PDF<\/strong> from the list<\/li>\n\n\n\n<li>Click on <strong>Save<\/strong><\/li>\n<\/ul>\n<\/div>\n\n\n\n<div class=\"wp-block-column is-layout-flow wp-block-column-is-layout-flow\"><\/div>\n<\/div>\n<\/div>\n<\/div>\n<\/div>\n\n\n\n<div class=\"wp-block-group alignfull has-lightgrey-background-color has-background is-layout-constrained wp-block-group-is-layout-constrained\">\n<div class=\"wp-block-group is-layout-flow wp-block-group-is-layout-flow\">\n<div class=\"wp-block-columns is-layout-flex wp-container-core-columns-is-layout-9d6595d7 wp-block-columns-is-layout-flex\">\n<div class=\"wp-block-column is-layout-flow wp-block-column-is-layout-flow\">\n<h3 class=\"wp-block-heading is-style-fake-h2\" id=\"h-contact-the-tech-pros\">Contact the<br><mark style=\"background-color:#000000\" class=\"has-inline-color has-white-color\">tech pros!<\/mark><\/h3>\n<\/div>\n\n\n\n<div class=\"wp-block-column is-layout-flow wp-block-column-is-layout-flow\">\n<p><strong>APTI Help Desk &#8211; Comptoir d&#8217;aide APTI (CAA)<\/strong><br>418 656-6258<br> 1 844-656-6258 (Canada and United-States toll-free)<br>Palasis-Prince pavilion, Office 2215<\/p>\n\n\n\n<p><a href=\"mailto:caa@fsa.ulaval.ca\">caa@fsa.ulaval.ca<\/a><br><\/p>\n<\/div>\n\n\n\n<div class=\"wp-block-column is-layout-flow wp-block-column-is-layout-flow\">\n<p><strong>Business Hours<\/strong><\/p>\n\n\n\n<p><strong>May<\/strong> <strong>4 to July 19, 2026<\/strong><\/p>\n\n\n\n<p>Monday to Thursday | 8:15 a.m. to 7:00 p.m.<br>Friday | 8:15 a.m. to 4:00 p.m.<br>Saturday and Sunday\u00a0| Closed<\/p>\n\n\n\n<p><strong>July<\/strong> <strong>20 to 30 August, 2026<\/strong><\/p>\n\n\n\n<p>Monday to Friday| 8:15 a.m. to 4:00 p.m.<br>Saturday and Sunday\u00a0| Closed<\/p>\n\n\n\n<div class=\"wp-block-buttons is-layout-flex wp-block-buttons-is-layout-flex\">\n<div class=\"wp-block-button is-style-button-small-arrow\"><a class=\"wp-block-button__link has-yellow-background-color has-background wp-element-button\" href=\"#job\">Student Jobs (infos in French only)<\/a><\/div>\n<\/div>\n<\/div>\n<\/div>\n\n\n\n<dialog class=\"wp-block-baseul-block-dialog\" id=\"modal\" aria-labelledby=\"dialog_modal_label\"><button type=\"button\" class=\"close-dialog-btn corner-close\"><span class=\"screen-reader-text\">Close Window<\/span><\/button><h2 class=\"is-style-fake-h3\" id=\"dialog_modal_label\">Horaire normal<\/h2>\n<p><strong>Monday to&nbsp;<strong>Thursday&nbsp;<\/strong>|&nbsp;<\/strong>8:15 a.m. to 9:30 p.m.<br><strong>Friday&nbsp;<\/strong>| 8:15 a.m. to 7:00 p.m.<br><strong>Saturday<\/strong>&nbsp;| 9:00 a.m. to 4:00 p.m.<br><strong>Sunday<\/strong>&nbsp;| Closed<\/p>\n<button type=\"button\" class=\"close-dialog-btn bottom-close\">Close Window<\/button><\/dialog>\n<\/div>\n\n\n\n<dialog class=\"wp-block-baseul-block-dialog\" id=\"job\" aria-labelledby=\"dialog_job_label\"><button type=\"button\" class=\"close-dialog-btn corner-close\"><span class=\"screen-reader-text\">Close Window<\/span><\/button><h2 class=\"is-style-fake-h3\" id=\"dialog_job_label\">Deviens assistante ou assistant au Comptoir d&#8217;aide APTI de la Facult\u00e9!<\/h2>\n<div class=\"wp-block-columns is-layout-flex wp-container-core-columns-is-layout-9d6595d7 wp-block-columns-is-layout-flex\">\n<div class=\"wp-block-column is-layout-flow wp-block-column-is-layout-flow\">\n<h4 class=\"wp-block-heading\" id=\"h-description\">Description<\/h4>\n\n\n\n<p>Le Comptoir d\u2019aide APTI (CAA) offre une gamme compl\u00e8te de services en lien avec l&#8217;utilisation des technologies \u00e0 la Facult\u00e9 des sciences de l&#8217;administration. Le CAA est \u00e0 la recherche d&#8217;assistantes et d&#8217;assistants pour compl\u00e9ter son \u00e9quipe.<\/p>\n\n\n\n<div class=\"wp-block-buttons is-vertical is-layout-flex wp-container-core-buttons-is-layout-8cf370e7 wp-block-buttons-is-layout-flex\">\n<div class=\"wp-block-button is-style-button-small-arrow\"><a class=\"wp-block-button__link has-white-background-color has-background wp-element-button\">Consulte l&#8217;offre compl\u00e8te<\/a><\/div>\n\n\n\n<div class=\"wp-block-button\"><a class=\"wp-block-button__link wp-element-button\">Pose ta candidature<\/a><\/div>\n<\/div>\n\n\n\n<h4 class=\"wp-block-heading\" id=\"h-taches\">T\u00e2ches<\/h4>\n\n\n\n<ul class=\"wp-block-list\">\n<li>Fournir une aide de base \u00e0 l&#8217;utilisation d&#8217;applications informatiques, dont les plus g\u00e9n\u00e9ralement utilis\u00e9es (Office, Capsule, Exchange, monPortail, etc.)<\/li>\n\n\n\n<li>Effectuer le pr\u00eat de mat\u00e9riel audiovisuel et informatique aupr\u00e8s de la client\u00e8le<\/li>\n\n\n\n<li>R\u00e9pondre aux \u00e9tudiants au comptoir lorsque le probl\u00e8me est simple et document\u00e9<\/li>\n\n\n\n<li>Fournir une aide de base dans les salles de classe avec les outils de pr\u00e9sentation<\/li>\n\n\n\n<li>Fournir une aide \u00e0 la pr\u00e9paration du mat\u00e9riel de pr\u00eat pour les activit\u00e9s des associations \u00e9tudiantes<\/li>\n<\/ul>\n\n\n\n<h4 class=\"wp-block-heading\" id=\"h-profil-recherche\">Profil recherch\u00e9<\/h4>\n\n\n\n<ul class=\"wp-block-list\">\n<li>L\u2019\u00e9tudiant doit \u00eatre inscrit \u00e0 temps complet (12 cr\u00e9dits min.) pour la session en cours.<\/li>\n\n\n\n<li>Ma\u00eetrise des environnements PC et Mac<\/li>\n\n\n\n<li>Bonne connaissance des applications informatiques, dont Office, Capsule, Exchange, monPortail, etc.<\/li>\n\n\n\n<li>Aptitude et exp\u00e9rience en service \u00e0 la client\u00e8le<\/li>\n\n\n\n<li>Aisance avec les technologies de l&#8217;information<\/li>\n\n\n\n<li>Souci du d\u00e9tail et du travail bien accompli<\/li>\n\n\n\n<li>Proactivit\u00e9, autonomie et rigueur<\/li>\n\n\n\n<li>Aptitudes \u00e0 effectuer plusieurs t\u00e2ches \u00e0 la fois<\/li>\n\n\n\n<li>Aptitudes \u00e0 m\u00e9moriser rapidement<\/li>\n\n\n\n<li>Ponctualit\u00e9 et assiduit\u00e9<\/li>\n<\/ul>\n<\/div>\n\n\n\n<div class=\"wp-block-column is-layout-flow wp-block-column-is-layout-flow\">\n<figure class=\"wp-block-image size-full is-resized\"><img loading=\"lazy\" decoding=\"async\" width=\"576\" height=\"1024\" src=\"https:\/\/www.fsa.ulaval.ca\/wp-content\/uploads\/2022\/11\/apti-fille-techno-1920-1080px-576x1024-1.jpg\" alt=\"\" class=\"wp-image-3322\" style=\"width:311px;height:553px\" srcset=\"https:\/\/www.fsa.ulaval.ca\/wp-content\/uploads\/2022\/11\/apti-fille-techno-1920-1080px-576x1024-1.jpg 576w, https:\/\/www.fsa.ulaval.ca\/wp-content\/uploads\/2022\/11\/apti-fille-techno-1920-1080px-576x1024-1-169x300.jpg 169w\" sizes=\"auto, (max-width: 576px) 100vw, 576px\" \/><\/figure>\n\n\n\n<p><strong>Quelques t\u00e9moignages<\/strong><\/p>\n\n\n\n<p>\u00abJe me trouve vraiment chanceuse d&#8217;avoir trouv\u00e9 un emploi \u00e9tudiant comme \u00e7a! C&#8217;est l&#8217;fun, c&#8217;est bien int\u00e9gr\u00e9 \u00e0 notre horaire de cours et c&#8217;est bien pay\u00e9! Pour moi, c&#8217;est id\u00e9al pendant les \u00e9tudes!\u00bb<br><strong>Marianne R.<\/strong><\/p>\n\n\n\n<p>\u00abL\u2019environnement de travail est vraiment \u00e9panouissant! D\u00e8s le jour 1, on se sent bien entour\u00e9 et guid\u00e9!\u00bb<br><strong>R\u00e9da B.<\/strong><\/p>\n\n\n\n<p>\u00ab\u00c9quipe proactive, flexible et multidisciplinaire. Satisfaction d\u2019aider des \u00e9tudiants et de m\u2019impliquer activement au sein de ma facult\u00e9.\u00bb<br><strong>Jason L.-G.<\/strong><\/p>\n<\/div>\n<\/div>\n<button type=\"button\" class=\"close-dialog-btn bottom-close\">Close Window<\/button><\/dialog>\n<\/div>\n","protected":false},"excerpt":{"rendered":"<p>Available everywhereon campus 3 steps to follow To access the service: monPortail, section titled Syst\u00e8me d&#8217;impression libre-service* (in French only)*Sign in with your IDUL and your PIN Good to know At pavillon Palasis-Prince Where to print in the building At level 0, Terrasse FI\u00c9SA At level 2, room 2224-PAP Free complementary services These free complementary [&hellip;]<\/p>\n","protected":false},"author":5,"featured_media":0,"parent":7933,"menu_order":0,"comment_status":"closed","ping_status":"closed","template":"","meta":{"_acf_changed":false,"featured_image_focal_point":[],"footnotes":""},"class_list":["post-7997","page","type-page","status-publish","hentry"],"acf":[],"yoast_head":"<title>Printing, photocopying and scanning - FSA - Universit\u00e9 Laval<\/title>\r\n<meta name=\"description\" content=\"See how to use the self-serve printing service available at Palasis-Prince Pavilion, and elsewhere on campus.\" \/>\r\n<meta name=\"robots\" content=\"index, follow, max-snippet:-1, max-image-preview:large, max-video-preview:-1\" \/>\r\n<link rel=\"canonical\" href=\"https:\/\/www.fsa.ulaval.ca\/en\/faculty\/services\/techno\/how-tos-tips\/printing-photocopying-scanning\/\" \/>\r\n<meta property=\"og:locale\" content=\"en_US\" \/>\r\n<meta property=\"og:type\" content=\"article\" \/>\r\n<meta property=\"og:title\" content=\"Self-Serve Printing Service - FSA - Universit\u00e9 Laval\" \/>\r\n<meta property=\"og:description\" content=\"See how to use the self-serve printing service available at Palasis-Prince Pavilion, and elsewhere on campus.\" \/>\r\n<meta property=\"og:url\" content=\"https:\/\/www.fsa.ulaval.ca\/en\/faculty\/services\/techno\/how-tos-tips\/printing-photocopying-scanning\/\" \/>\r\n<meta property=\"og:site_name\" content=\"FSA ULaval\" \/>\r\n<meta property=\"article:publisher\" content=\"https:\/\/www.facebook.com\/fsaulaval\" \/>\r\n<meta property=\"article:modified_time\" content=\"2026-03-18T13:58:14+00:00\" \/>\r\n<meta property=\"og:image\" content=\"https:\/\/www.fsa.ulaval.ca\/wp-content\/uploads\/2023\/03\/fsa-ulaval-4-rs.jpg\" \/>\r\n\t<meta property=\"og:image:width\" content=\"1200\" \/>\r\n\t<meta property=\"og:image:height\" content=\"630\" \/>\r\n\t<meta property=\"og:image:type\" content=\"image\/jpeg\" \/>\r\n<meta name=\"twitter:card\" content=\"summary_large_image\" \/>\r\n<meta name=\"twitter:title\" content=\"Self-Serve Printing Service - FSA - Universit\u00e9 Laval\" \/>\r\n<meta name=\"twitter:description\" content=\"See how to use the self-serve printing service available at Palasis-Prince Pavilion, and elsewhere on campus.\" \/>\r\n<meta name=\"twitter:site\" content=\"@fsaulaval\" \/>\r\n<meta name=\"twitter:label1\" content=\"Est. reading time\" \/>\n\t<meta name=\"twitter:data1\" content=\"4 minutes\" \/>\r\n<script type=\"application\/ld+json\" class=\"yoast-schema-graph\">{\"@context\":\"https:\/\/schema.org\",\"@graph\":[{\"@type\":\"WebPage\",\"@id\":\"https:\/\/www.fsa.ulaval.ca\/en\/faculty\/services\/techno\/how-tos-tips\/printing-photocopying-scanning\/\",\"url\":\"https:\/\/www.fsa.ulaval.ca\/en\/faculty\/services\/techno\/how-tos-tips\/printing-photocopying-scanning\/\",\"name\":\"Printing, photocopying and scanning - FSA - Universit\u00e9 Laval\",\"isPartOf\":{\"@id\":\"https:\/\/www.fsa.ulaval.ca\/en\/#website\"},\"datePublished\":\"2022-11-21T16:05:27+00:00\",\"dateModified\":\"2026-03-18T13:58:14+00:00\",\"description\":\"See how to use the self-serve printing service available at Palasis-Prince Pavilion, and elsewhere on campus.\",\"breadcrumb\":{\"@id\":\"https:\/\/www.fsa.ulaval.ca\/en\/faculty\/services\/techno\/how-tos-tips\/printing-photocopying-scanning\/#breadcrumb\"},\"inLanguage\":\"en-US\",\"potentialAction\":[{\"@type\":\"ReadAction\",\"target\":[\"https:\/\/www.fsa.ulaval.ca\/en\/faculty\/services\/techno\/how-tos-tips\/printing-photocopying-scanning\/\"]}]},{\"@type\":\"BreadcrumbList\",\"@id\":\"https:\/\/www.fsa.ulaval.ca\/en\/faculty\/services\/techno\/how-tos-tips\/printing-photocopying-scanning\/#breadcrumb\",\"itemListElement\":[{\"@type\":\"ListItem\",\"position\":1,\"name\":\"Accueil\",\"item\":\"https:\/\/www.fsa.ulaval.ca\/en\/\"},{\"@type\":\"ListItem\",\"position\":2,\"name\":\"About Us\",\"item\":\"https:\/\/www.fsa.ulaval.ca\/en\/faculty\/\"},{\"@type\":\"ListItem\",\"position\":3,\"name\":\"Services\",\"item\":\"https:\/\/www.fsa.ulaval.ca\/en\/faculty\/services\/\"},{\"@type\":\"ListItem\",\"position\":4,\"name\":\"Techno\",\"item\":\"https:\/\/www.fsa.ulaval.ca\/en\/faculty\/services\/techno\/\"},{\"@type\":\"ListItem\",\"position\":5,\"name\":\"How-Tos &#038; Tips\",\"item\":\"https:\/\/www.fsa.ulaval.ca\/en\/faculty\/services\/techno\/how-tos-tips\/\"},{\"@type\":\"ListItem\",\"position\":6,\"name\":\"Self-Serve Printing Service\"}]},{\"@type\":\"WebSite\",\"@id\":\"https:\/\/www.fsa.ulaval.ca\/en\/#website\",\"url\":\"https:\/\/www.fsa.ulaval.ca\/en\/\",\"name\":\"FSA ULaval\",\"description\":\"FSA ULaval\",\"publisher\":{\"@id\":\"https:\/\/www.fsa.ulaval.ca\/en\/#organization\"},\"potentialAction\":[{\"@type\":\"SearchAction\",\"target\":{\"@type\":\"EntryPoint\",\"urlTemplate\":\"https:\/\/www.fsa.ulaval.ca\/en\/?s={search_term_string}\"},\"query-input\":{\"@type\":\"PropertyValueSpecification\",\"valueRequired\":true,\"valueName\":\"search_term_string\"}}],\"inLanguage\":\"en-US\"},{\"@type\":\"Organization\",\"@id\":\"https:\/\/www.fsa.ulaval.ca\/en\/#organization\",\"name\":\"FSA ULaval\",\"alternateName\":\"FSA ULaval\",\"url\":\"https:\/\/www.fsa.ulaval.ca\/en\/\",\"logo\":{\"@type\":\"ImageObject\",\"inLanguage\":\"en-US\",\"@id\":\"https:\/\/www.fsa.ulaval.ca\/en\/#\/schema\/logo\/image\/\",\"url\":\"https:\/\/www.fsa.ulaval.ca\/wp-content\/uploads\/2023\/03\/logo_facultaire.jpg\",\"contentUrl\":\"https:\/\/www.fsa.ulaval.ca\/wp-content\/uploads\/2023\/03\/logo_facultaire.jpg\",\"width\":200,\"height\":200,\"caption\":\"FSA ULaval\"},\"image\":{\"@id\":\"https:\/\/www.fsa.ulaval.ca\/en\/#\/schema\/logo\/image\/\"},\"sameAs\":[\"https:\/\/www.facebook.com\/fsaulaval\",\"https:\/\/x.com\/fsaulaval\",\"https:\/\/ca.linkedin.com\/company\/fsaulaval\",\"https:\/\/www.instagram.com\/fsaulaval\/\"]}]}<\/script>","yoast_head_json":{"title":"Printing, photocopying and scanning - FSA - Universit\u00e9 Laval","description":"See how to use the self-serve printing service available at Palasis-Prince Pavilion, and elsewhere on campus.","robots":{"index":"index","follow":"follow","max-snippet":"max-snippet:-1","max-image-preview":"max-image-preview:large","max-video-preview":"max-video-preview:-1"},"canonical":"https:\/\/www.fsa.ulaval.ca\/en\/faculty\/services\/techno\/how-tos-tips\/printing-photocopying-scanning\/","og_locale":"en_US","og_type":"article","og_title":"Self-Serve Printing Service - FSA - Universit\u00e9 Laval","og_description":"See how to use the self-serve printing service available at Palasis-Prince Pavilion, and elsewhere on campus.","og_url":"https:\/\/www.fsa.ulaval.ca\/en\/faculty\/services\/techno\/how-tos-tips\/printing-photocopying-scanning\/","og_site_name":"FSA ULaval","article_publisher":"https:\/\/www.facebook.com\/fsaulaval","article_modified_time":"2026-03-18T13:58:14+00:00","og_image":[{"width":1200,"height":630,"url":"https:\/\/www.fsa.ulaval.ca\/wp-content\/uploads\/2023\/03\/fsa-ulaval-4-rs.jpg","type":"image\/jpeg"}],"twitter_card":"summary_large_image","twitter_title":"Self-Serve Printing Service - FSA - Universit\u00e9 Laval","twitter_description":"See how to use the self-serve printing service available at Palasis-Prince Pavilion, and elsewhere on campus.","twitter_site":"@fsaulaval","twitter_misc":{"Est. reading time":"4 minutes"},"schema":{"@context":"https:\/\/schema.org","@graph":[{"@type":"WebPage","@id":"https:\/\/www.fsa.ulaval.ca\/en\/faculty\/services\/techno\/how-tos-tips\/printing-photocopying-scanning\/","url":"https:\/\/www.fsa.ulaval.ca\/en\/faculty\/services\/techno\/how-tos-tips\/printing-photocopying-scanning\/","name":"Printing, photocopying and scanning - FSA - Universit\u00e9 Laval","isPartOf":{"@id":"https:\/\/www.fsa.ulaval.ca\/en\/#website"},"datePublished":"2022-11-21T16:05:27+00:00","dateModified":"2026-03-18T13:58:14+00:00","description":"See how to use the self-serve printing service available at Palasis-Prince Pavilion, and elsewhere on campus.","breadcrumb":{"@id":"https:\/\/www.fsa.ulaval.ca\/en\/faculty\/services\/techno\/how-tos-tips\/printing-photocopying-scanning\/#breadcrumb"},"inLanguage":"en-US","potentialAction":[{"@type":"ReadAction","target":["https:\/\/www.fsa.ulaval.ca\/en\/faculty\/services\/techno\/how-tos-tips\/printing-photocopying-scanning\/"]}]},{"@type":"BreadcrumbList","@id":"https:\/\/www.fsa.ulaval.ca\/en\/faculty\/services\/techno\/how-tos-tips\/printing-photocopying-scanning\/#breadcrumb","itemListElement":[{"@type":"ListItem","position":1,"name":"Accueil","item":"https:\/\/www.fsa.ulaval.ca\/en\/"},{"@type":"ListItem","position":2,"name":"About Us","item":"https:\/\/www.fsa.ulaval.ca\/en\/faculty\/"},{"@type":"ListItem","position":3,"name":"Services","item":"https:\/\/www.fsa.ulaval.ca\/en\/faculty\/services\/"},{"@type":"ListItem","position":4,"name":"Techno","item":"https:\/\/www.fsa.ulaval.ca\/en\/faculty\/services\/techno\/"},{"@type":"ListItem","position":5,"name":"How-Tos &#038; Tips","item":"https:\/\/www.fsa.ulaval.ca\/en\/faculty\/services\/techno\/how-tos-tips\/"},{"@type":"ListItem","position":6,"name":"Self-Serve Printing Service"}]},{"@type":"WebSite","@id":"https:\/\/www.fsa.ulaval.ca\/en\/#website","url":"https:\/\/www.fsa.ulaval.ca\/en\/","name":"FSA ULaval","description":"FSA ULaval","publisher":{"@id":"https:\/\/www.fsa.ulaval.ca\/en\/#organization"},"potentialAction":[{"@type":"SearchAction","target":{"@type":"EntryPoint","urlTemplate":"https:\/\/www.fsa.ulaval.ca\/en\/?s={search_term_string}"},"query-input":{"@type":"PropertyValueSpecification","valueRequired":true,"valueName":"search_term_string"}}],"inLanguage":"en-US"},{"@type":"Organization","@id":"https:\/\/www.fsa.ulaval.ca\/en\/#organization","name":"FSA ULaval","alternateName":"FSA ULaval","url":"https:\/\/www.fsa.ulaval.ca\/en\/","logo":{"@type":"ImageObject","inLanguage":"en-US","@id":"https:\/\/www.fsa.ulaval.ca\/en\/#\/schema\/logo\/image\/","url":"https:\/\/www.fsa.ulaval.ca\/wp-content\/uploads\/2023\/03\/logo_facultaire.jpg","contentUrl":"https:\/\/www.fsa.ulaval.ca\/wp-content\/uploads\/2023\/03\/logo_facultaire.jpg","width":200,"height":200,"caption":"FSA ULaval"},"image":{"@id":"https:\/\/www.fsa.ulaval.ca\/en\/#\/schema\/logo\/image\/"},"sameAs":["https:\/\/www.facebook.com\/fsaulaval","https:\/\/x.com\/fsaulaval","https:\/\/ca.linkedin.com\/company\/fsaulaval","https:\/\/www.instagram.com\/fsaulaval\/"]}]}},"_links":{"self":[{"href":"https:\/\/www.fsa.ulaval.ca\/en\/wp-json\/wp\/v2\/pages\/7997","targetHints":{"allow":["GET"]}}],"collection":[{"href":"https:\/\/www.fsa.ulaval.ca\/en\/wp-json\/wp\/v2\/pages"}],"about":[{"href":"https:\/\/www.fsa.ulaval.ca\/en\/wp-json\/wp\/v2\/types\/page"}],"author":[{"embeddable":true,"href":"https:\/\/www.fsa.ulaval.ca\/en\/wp-json\/wp\/v2\/users\/5"}],"replies":[{"embeddable":true,"href":"https:\/\/www.fsa.ulaval.ca\/en\/wp-json\/wp\/v2\/comments?post=7997"}],"version-history":[{"count":4,"href":"https:\/\/www.fsa.ulaval.ca\/en\/wp-json\/wp\/v2\/pages\/7997\/revisions"}],"predecessor-version":[{"id":42436,"href":"https:\/\/www.fsa.ulaval.ca\/en\/wp-json\/wp\/v2\/pages\/7997\/revisions\/42436"}],"up":[{"embeddable":true,"href":"https:\/\/www.fsa.ulaval.ca\/en\/wp-json\/wp\/v2\/pages\/7933"}],"wp:attachment":[{"href":"https:\/\/www.fsa.ulaval.ca\/en\/wp-json\/wp\/v2\/media?parent=7997"}],"curies":[{"name":"wp","href":"https:\/\/api.w.org\/{rel}","templated":true}]}}